{"id":1193,"date":"2025-06-13T17:05:13","date_gmt":"2025-06-13T15:05:13","guid":{"rendered":"https:\/\/alencosaic.com\/buses\/?page_id=1193"},"modified":"2025-06-23T20:49:44","modified_gmt":"2025-06-23T18:49:44","slug":"of-1724","status":"publish","type":"page","link":"https:\/\/alencosaic.com\/buses\/modelos\/of-1724\/","title":{"rendered":"OF1724-59 &#8211; OF1724-59 L"},"content":{"rendered":"\t\t<div data-elementor-type=\"wp-page\" data-elementor-id=\"1193\" class=\"elementor elementor-1193\" data-elementor-post-type=\"page\">\n\t\t\t\t<div class=\"elementor-element elementor-element-fb91aa6 e-flex e-con-boxed e-con e-parent\" data-id=\"fb91aa6\" data-element_type=\"container\" data-settings=\"{&quot;background_background&quot;:&quot;classic&quot;}\">\n\t\t\t\t\t<div class=\"e-con-inner\">\n\t\t<div class=\"elementor-element elementor-element-e1446f8 e-con-full e-flex e-con e-child\" data-id=\"e1446f8\" data-element_type=\"container\" data-settings=\"{&quot;background_background&quot;:&quot;classic&quot;}\">\n\t\t<div class=\"elementor-element elementor-element-2da92c5 e-flex e-con-boxed e-con e-child\" data-id=\"2da92c5\" data-element_type=\"container\">\n\t\t\t\t\t<div class=\"e-con-inner\">\n\t\t\t\t<div class=\"elementor-element elementor-element-6393cda elementor-widget elementor-widget-heading\" data-id=\"6393cda\" data-element_type=\"widget\" data-widget_type=\"heading.default\">\n\t\t\t\t<div class=\"elementor-widget-container\">\n\t\t\t\t\t<h2 class=\"elementor-heading-title elementor-size-default\">Nuestros buses\n<\/h2>\t\t\t\t<\/div>\n\t\t\t\t<\/div>\n\t\t\t\t<div class=\"elementor-element elementor-element-2de6e15 elementor-widget-divider--view-line elementor-widget elementor-widget-divider\" data-id=\"2de6e15\" data-element_type=\"widget\" data-widget_type=\"divider.default\">\n\t\t\t\t<div class=\"elementor-widget-container\">\n\t\t\t\t\t\t\t<div class=\"elementor-divider\">\n\t\t\t<span class=\"elementor-divider-separator\">\n\t\t\t\t\t\t<\/span>\n\t\t<\/div>\n\t\t\t\t\t\t<\/div>\n\t\t\t\t<\/div>\n\t\t\t\t<div class=\"elementor-element elementor-element-c6af9a1 elementor-widget elementor-widget-heading\" data-id=\"c6af9a1\" data-element_type=\"widget\" data-widget_type=\"heading.default\">\n\t\t\t\t<div class=\"elementor-widget-container\">\n\t\t\t\t\t<h2 class=\"elementor-heading-title elementor-size-default\">interURBANOS<\/h2>\t\t\t\t<\/div>\n\t\t\t\t<\/div>\n\t\t\t\t<div class=\"elementor-element elementor-element-397076f elementor-widget elementor-widget-text-editor\" data-id=\"397076f\" data-element_type=\"widget\" data-widget_type=\"text-editor.default\">\n\t\t\t\t<div class=\"elementor-widget-container\">\n\t\t\t\t\t\t\t\t\t<p><span style=\"font-weight: 400;\">OF1724-59 &#8211; OF1724-59 L<\/span><\/p>\t\t\t\t\t\t\t\t<\/div>\n\t\t\t\t<\/div>\n\t\t\t\t<div class=\"elementor-element elementor-element-fa2b9c2 elementor-widget elementor-widget-button\" data-id=\"fa2b9c2\" data-element_type=\"widget\" data-widget_type=\"button.default\">\n\t\t\t\t<div class=\"elementor-widget-container\">\n\t\t\t\t\t\t\t\t\t<div class=\"elementor-button-wrapper\">\n\t\t\t\t\t<a class=\"elementor-button elementor-button-link elementor-size-sm\" href=\"https:\/\/alencosaic.com\/buses\/wp-content\/uploads\/sites\/2\/2025\/06\/producto_66.pdf\" target=\"_blank\">\n\t\t\t\t\t\t<span class=\"elementor-button-content-wrapper\">\n\t\t\t\t\t\t\t\t\t<span class=\"elementor-button-text\">Ficha T\u00e9cnica<\/span>\n\t\t\t\t\t<\/span>\n\t\t\t\t\t<\/a>\n\t\t\t\t<\/div>\n\t\t\t\t\t\t\t\t<\/div>\n\t\t\t\t<\/div>\n\t\t\t\t\t<\/div>\n\t\t\t\t<\/div>\n\t\t\t\t<\/div>\n\t\t\t\t\t<\/div>\n\t\t\t\t<\/div>\n\t\t<div class=\"elementor-element elementor-element-1a46f37 e-flex e-con-boxed e-con e-parent\" data-id=\"1a46f37\" data-element_type=\"container\">\n\t\t\t\t\t<div class=\"e-con-inner\">\n\t\t<div class=\"elementor-element elementor-element-5e8af88 e-flex e-con-boxed e-con e-child\" data-id=\"5e8af88\" data-element_type=\"container\">\n\t\t\t\t\t<div class=\"e-con-inner\">\n\t\t\t\t<div class=\"elementor-element elementor-element-7037eb3 elementor-widget elementor-widget-image\" data-id=\"7037eb3\" data-element_type=\"widget\" data-widget_type=\"image.default\">\n\t\t\t\t<div class=\"elementor-widget-container\">\n\t\t\t\t\t\t\t\t\t\t\t\t\t\t\t<img fetchpriority=\"high\" decoding=\"async\" width=\"1320\" height=\"402\" src=\"https:\/\/alencosaic.com\/buses\/wp-content\/uploads\/sites\/2\/2025\/06\/producto66.interna-1.jpg\" class=\"attachment-full size-full wp-image-1617\" alt=\"\" srcset=\"https:\/\/alencosaic.com\/buses\/wp-content\/uploads\/sites\/2\/2025\/06\/producto66.interna-1.jpg 1320w, https:\/\/alencosaic.com\/buses\/wp-content\/uploads\/sites\/2\/2025\/06\/producto66.interna-1-300x91.jpg 300w, https:\/\/alencosaic.com\/buses\/wp-content\/uploads\/sites\/2\/2025\/06\/producto66.interna-1-1024x312.jpg 1024w, https:\/\/alencosaic.com\/buses\/wp-content\/uploads\/sites\/2\/2025\/06\/producto66.interna-1-768x234.jpg 768w\" sizes=\"(max-width: 1320px) 100vw, 1320px\" \/>\t\t\t\t\t\t\t\t\t\t\t\t\t\t\t<\/div>\n\t\t\t\t<\/div>\n\t\t\t\t<div class=\"elementor-element elementor-element-dcc08ea elementor-widget elementor-widget-text-editor\" data-id=\"dcc08ea\" data-element_type=\"widget\" data-widget_type=\"text-editor.default\">\n\t\t\t\t<div class=\"elementor-widget-container\">\n\t\t\t\t\t\t\t\t\t<p>Fue proyectado para operar en el transporte interurbano y urbano con importante demanda de pasajeros. Permite el montaje de carrocer\u00edas de hasta 12 metros de longitud.<br \/>El motor electr\u00f3nico OM 926 LA de 6 cilindros, introduce en su categor\u00eda una nueva relaci\u00f3n entre par motor y potencia que permite al veh\u00edculo un desempe\u00f1o \u00e1gil en las grandes ciudades y trayecto de media distancia, con 238 cv de potencia y par motor de 850 Nm, que cumple las normas de emisi\u00f3n de contaminantes Euro V.<\/p><p><br \/>Equipado con freno motor y TOP BRAKE como \u00edtems de serie, este chasis ofrece respuestas r\u00e1pidas y precisas de los frenos, esenciales para la seguridad del conductor y pasajeros durante la operaci\u00f3n. Las ventajas ofrecidas por el chasis representan para el transportista la optimizaci\u00f3n de sus inversiones. Mercedes Benz siempre ofrece una alternativa para atender las demandas del transporte de pasajeros.<\/p>\t\t\t\t\t\t\t\t<\/div>\n\t\t\t\t<\/div>\n\t\t\t\t\t<\/div>\n\t\t\t\t<\/div>\n\t\t\t\t\t<\/div>\n\t\t\t\t<\/div>\n\t\t<div class=\"elementor-element elementor-element-dff2338 e-flex e-con-boxed e-con e-parent\" data-id=\"dff2338\" data-element_type=\"container\" id=\"consulta\">\n\t\t\t\t\t<div class=\"e-con-inner\">\n\t\t\t\t<div class=\"elementor-element elementor-element-3874db1 elementor-widget elementor-widget-heading\" data-id=\"3874db1\" data-element_type=\"widget\" data-widget_type=\"heading.default\">\n\t\t\t\t<div class=\"elementor-widget-container\">\n\t\t\t\t\t<h2 class=\"elementor-heading-title elementor-size-default\">Realizar consulta\n<\/h2>\t\t\t\t<\/div>\n\t\t\t\t<\/div>\n\t\t\t\t<div class=\"elementor-element elementor-element-bf377ab elementor-widget elementor-widget-text-editor\" data-id=\"bf377ab\" data-element_type=\"widget\" data-widget_type=\"text-editor.default\">\n\t\t\t\t<div class=\"elementor-widget-container\">\n\t\t\t\t\t\t\t\t\t<p>Queremos asesorarte sobre tu Mercedes-Benz. Por favor complet\u00e1 el siguiente formulario y nos pondremos en contacto.<\/p>\t\t\t\t\t\t\t\t<\/div>\n\t\t\t\t<\/div>\n\t\t\t\t<div class=\"elementor-element elementor-element-0bb5531 elementor-widget elementor-widget-shortcode\" data-id=\"0bb5531\" data-element_type=\"widget\" data-widget_type=\"shortcode.default\">\n\t\t\t\t<div class=\"elementor-widget-container\">\n\t\t\t\t\t\t\t<div class=\"elementor-shortcode\">\n<div class=\"wpcf7 no-js\" id=\"wpcf7-f190-o1\" lang=\"es-ES\" dir=\"ltr\" data-wpcf7-id=\"190\">\n<div class=\"screen-reader-response\"><p role=\"status\" aria-live=\"polite\" aria-atomic=\"true\"><\/p> <ul><\/ul><\/div>\n<form action=\"\/buses\/wp-json\/wp\/v2\/pages\/1193#wpcf7-f190-o1\" method=\"post\" class=\"wpcf7-form init\" aria-label=\"Formulario de contacto\" novalidate=\"novalidate\" data-status=\"init\">\n<fieldset class=\"hidden-fields-container\"><input type=\"hidden\" name=\"_wpcf7\" value=\"190\" \/><input type=\"hidden\" name=\"_wpcf7_version\" value=\"6.1\" \/><input type=\"hidden\" name=\"_wpcf7_locale\" value=\"es_ES\" \/><input type=\"hidden\" name=\"_wpcf7_unit_tag\" value=\"wpcf7-f190-o1\" \/><input type=\"hidden\" name=\"_wpcf7_container_post\" value=\"0\" \/><input type=\"hidden\" name=\"_wpcf7_posted_data_hash\" value=\"\" \/>\n<\/fieldset>\n<div id=\"responsive-form\" class=\"clearfix\">\n\t<div class=\"form-row\">\n\t\t<div class=\"column-half\">\n\t\t\t<p><span class=\"wpcf7-form-control-wrap\" data-name=\"first-name\"><input size=\"40\" maxlength=\"400\" class=\"wpcf7-form-control wpcf7-text wpcf7-validates-as-required\" aria-required=\"true\" aria-invalid=\"false\" placeholder=\"Nombre*\" value=\"\" type=\"text\" name=\"first-name\" \/><\/span>\n\t\t\t<\/p>\n\t\t<\/div>\n\t\t<div class=\"column-half\">\n\t\t\t<p><span class=\"wpcf7-form-control-wrap\" data-name=\"last-name\"><input size=\"40\" maxlength=\"400\" class=\"wpcf7-form-control wpcf7-text wpcf7-validates-as-required\" aria-required=\"true\" aria-invalid=\"false\" placeholder=\"Apellido\" value=\"\" type=\"text\" name=\"last-name\" \/><\/span>\n\t\t\t<\/p>\n\t\t<\/div>\n\t<\/div>\n\t<div class=\"form-row\">\n\t\t<div class=\"column-half\">\n\t\t\t<p><span class=\"wpcf7-form-control-wrap\" data-name=\"your-phone\"><input size=\"40\" maxlength=\"400\" class=\"wpcf7-form-control wpcf7-text wpcf7-validates-as-required\" aria-required=\"true\" aria-invalid=\"false\" placeholder=\"Tel\u00e9fono\" value=\"\" type=\"text\" name=\"your-phone\" \/><\/span>\n\t\t\t<\/p>\n\t\t<\/div>\n\t\t<div class=\"column-half\">\n\t\t\t<p><span class=\"wpcf7-form-control-wrap\" data-name=\"your-email\"><input size=\"40\" maxlength=\"400\" class=\"wpcf7-form-control wpcf7-email wpcf7-validates-as-required wpcf7-text wpcf7-validates-as-email\" aria-required=\"true\" aria-invalid=\"false\" placeholder=\"Email*\" value=\"\" type=\"email\" name=\"your-email\" \/><\/span>\n\t\t\t<\/p>\n\t\t<\/div>\n\t<\/div>\n\t<div class=\"form-row\">\n\t\t<div class=\"column-full\">\n\t\t\t<p><span class=\"wpcf7-form-control-wrap\" data-name=\"vehiculo\"><select class=\"wpcf7-form-control wpcf7-select wpcf7-validates-as-required\" aria-required=\"true\" aria-invalid=\"false\" name=\"vehiculo\"><option value=\"\">Consulta de producto \u00f3 modelo de inter\u00e9s:<\/option><option value=\"VANS\">VANS<\/option><option value=\"BUSES\">BUSES<\/option><\/select><\/span>\n\t\t\t<\/p>\n\t\t<\/div>\n\t<\/div>\n\t<div class=\"form-row\">\n\t\t<div class=\"column-full\">\n\t\t\t<p><span class=\"wpcf7-form-control-wrap\" data-name=\"your-message\"><textarea cols=\"40\" rows=\"10\" maxlength=\"2000\" class=\"wpcf7-form-control wpcf7-textarea\" aria-invalid=\"false\" placeholder=\"Mensaje\" name=\"your-message\"><\/textarea><\/span>\n\t\t\t<\/p>\n\t\t<\/div>\n\t<\/div>\n\t<div class=\"form-row\">\n\t\t<div class=\"column-full\">\n\t\t\t<p><span class=\"wpcf7-form-control-wrap\" data-name=\"acceptance-176\"><span class=\"wpcf7-form-control wpcf7-acceptance\"><span class=\"wpcf7-list-item\"><label><input type=\"checkbox\" name=\"acceptance-176\" value=\"1\" aria-invalid=\"false\" \/><span class=\"wpcf7-list-item-label\">Acepto el uso y almacenamiento de mis datos<\/span><\/label><\/span><\/span><\/span>\n\t\t\t<\/p>\n\t\t\t<p><br \/>\nDeclaro haber sido informado en los t\u00e9rminos del art. 6 de la Ley 25.326 acerca del car\u00e1cter facultativo de la presente y de la posibilidad de ejercer el derecho de acceso, rectificaci\u00f3n y supresi\u00f3n de los datos antes referidos, as\u00ed como tambi\u00e9n de la finalidad de su tratamiento.<br \/>\nAutorizo y consiento expresamente a ALENCO S.A.I.C. para el procesamiento de datos, y todo ello en los t\u00e9rminos requeridos por el art. 5 de la Ley 25.326 a usar mis datos personales contenidos en la presente a fin de que formulen ofertas publicitarias y remitan informaci\u00f3n comercial de sus bienes y\/o servicios, incluido, pero no limitado a futuras acciones de marketing \/ invitaci\u00f3n a eventos \/ comunicaciones referentes a ofertas de productos y\/o servicios, etc.\n\t\t\t<\/p>\n\t\t<\/div>\n\t<\/div>\n\t<div class=\"form-row\">\n\t\t<div class=\"column-full\">\n\t\t\t<p><input class=\"wpcf7-form-control wpcf7-submit has-spinner\" type=\"submit\" value=\"Enviar\" \/>\n\t\t\t<\/p>\n\t\t<\/div>\n\t<\/div>\n<\/div><div class=\"wpcf7-response-output\" aria-hidden=\"true\"><\/div>\n<\/form>\n<\/div>\n<\/div>\n\t\t\t\t\t\t<\/div>\n\t\t\t\t<\/div>\n\t\t\t\t\t<\/div>\n\t\t\t\t<\/div>\n\t\t<div class=\"elementor-element elementor-element-e12d4c2 e-flex e-con-boxed e-con e-parent\" data-id=\"e12d4c2\" data-element_type=\"container\">\n\t\t\t\t\t<div class=\"e-con-inner\">\n\t\t\t\t\t<\/div>\n\t\t\t\t<\/div>\n\t\t\t\t<\/div>\n\t\t","protected":false},"excerpt":{"rendered":"<p>Nuestros buses interURBANOS OF1724-59 &#8211; OF1724-59 L Ficha T\u00e9cnica Fue proyectado para operar en el transporte interurbano y urbano con importante demanda de pasajeros. Permite el montaje de carrocer\u00edas de hasta 12 metros de longitud.El motor electr\u00f3nico OM 926 LA de 6 cilindros, introduce en su categor\u00eda una nueva relaci\u00f3n entre par motor y potencia [&hellip;]<\/p>\n","protected":false},"author":1,"featured_media":0,"parent":416,"menu_order":0,"comment_status":"closed","ping_status":"closed","template":"elementor_header_footer","meta":{"footnotes":""},"class_list":["post-1193","page","type-page","status-publish","hentry"],"_links":{"self":[{"href":"https:\/\/alencosaic.com\/buses\/wp-json\/wp\/v2\/pages\/1193","targetHints":{"allow":["GET"]}}],"collection":[{"href":"https:\/\/alencosaic.com\/buses\/wp-json\/wp\/v2\/pages"}],"about":[{"href":"https:\/\/alencosaic.com\/buses\/wp-json\/wp\/v2\/types\/page"}],"author":[{"embeddable":true,"href":"https:\/\/alencosaic.com\/buses\/wp-json\/wp\/v2\/users\/1"}],"replies":[{"embeddable":true,"href":"https:\/\/alencosaic.com\/buses\/wp-json\/wp\/v2\/comments?post=1193"}],"version-history":[{"count":12,"href":"https:\/\/alencosaic.com\/buses\/wp-json\/wp\/v2\/pages\/1193\/revisions"}],"predecessor-version":[{"id":1620,"href":"https:\/\/alencosaic.com\/buses\/wp-json\/wp\/v2\/pages\/1193\/revisions\/1620"}],"up":[{"embeddable":true,"href":"https:\/\/alencosaic.com\/buses\/wp-json\/wp\/v2\/pages\/416"}],"wp:attachment":[{"href":"https:\/\/alencosaic.com\/buses\/wp-json\/wp\/v2\/media?parent=1193"}],"curies":[{"name":"wp","href":"https:\/\/api.w.org\/{rel}","templated":true}]}}