{"id":166,"date":"2025-06-02T15:46:41","date_gmt":"2025-06-02T13:46:41","guid":{"rendered":"https:\/\/alencosaic.com\/buses\/?page_id=166"},"modified":"2025-06-02T19:52:41","modified_gmt":"2025-06-02T17:52:41","slug":"financiacion","status":"publish","type":"page","link":"https:\/\/alencosaic.com\/buses\/financiacion\/","title":{"rendered":"Financiaci\u00f3n"},"content":{"rendered":"\t\t<div data-elementor-type=\"wp-page\" data-elementor-id=\"166\" class=\"elementor elementor-166\" data-elementor-post-type=\"page\">\n\t\t\t\t<div class=\"elementor-element elementor-element-fb91aa6 e-flex e-con-boxed e-con e-parent\" data-id=\"fb91aa6\" data-element_type=\"container\" data-settings=\"{&quot;background_background&quot;:&quot;gradient&quot;}\">\n\t\t\t\t\t<div class=\"e-con-inner\">\n\t\t<div class=\"elementor-element elementor-element-e1446f8 e-con-full e-flex e-con e-child\" data-id=\"e1446f8\" data-element_type=\"container\" data-settings=\"{&quot;background_background&quot;:&quot;classic&quot;}\">\n\t\t<div class=\"elementor-element elementor-element-2da92c5 e-flex e-con-boxed e-con e-child\" data-id=\"2da92c5\" data-element_type=\"container\">\n\t\t\t\t\t<div class=\"e-con-inner\">\n\t\t\t\t<div class=\"elementor-element elementor-element-6393cda elementor-widget elementor-widget-heading\" data-id=\"6393cda\" data-element_type=\"widget\" data-widget_type=\"heading.default\">\n\t\t\t\t<div class=\"elementor-widget-container\">\n\t\t\t\t\t<h2 class=\"elementor-heading-title elementor-size-default\">Financiaci\u00f3n\n<\/h2>\t\t\t\t<\/div>\n\t\t\t\t<\/div>\n\t\t\t\t<div class=\"elementor-element elementor-element-2de6e15 elementor-widget-divider--view-line elementor-widget elementor-widget-divider\" data-id=\"2de6e15\" data-element_type=\"widget\" data-widget_type=\"divider.default\">\n\t\t\t\t<div class=\"elementor-widget-container\">\n\t\t\t\t\t\t\t<div class=\"elementor-divider\">\n\t\t\t<span class=\"elementor-divider-separator\">\n\t\t\t\t\t\t<\/span>\n\t\t<\/div>\n\t\t\t\t\t\t<\/div>\n\t\t\t\t<\/div>\n\t\t\t\t<div class=\"elementor-element elementor-element-c6af9a1 elementor-widget elementor-widget-heading\" data-id=\"c6af9a1\" data-element_type=\"widget\" data-widget_type=\"heading.default\">\n\t\t\t\t<div class=\"elementor-widget-container\">\n\t\t\t\t\t<h2 class=\"elementor-heading-title elementor-size-default\">Financiaci\u00f3n\n<\/h2>\t\t\t\t<\/div>\n\t\t\t\t<\/div>\n\t\t\t\t<div class=\"elementor-element elementor-element-2fafc00 elementor-widget__width-initial elementor-widget-mobile__width-inherit elementor-widget elementor-widget-text-editor\" data-id=\"2fafc00\" data-element_type=\"widget\" data-widget_type=\"text-editor.default\">\n\t\t\t\t<div class=\"elementor-widget-container\">\n\t\t\t\t\t\t\t\t\t<p>Acced\u00e9 a veh\u00edculos Mercedes-Benz de la manera m\u00e1s simple.<\/p>\t\t\t\t\t\t\t\t<\/div>\n\t\t\t\t<\/div>\n\t\t\t\t<div class=\"elementor-element elementor-element-fa2b9c2 elementor-widget elementor-widget-button\" data-id=\"fa2b9c2\" data-element_type=\"widget\" data-widget_type=\"button.default\">\n\t\t\t\t<div class=\"elementor-widget-container\">\n\t\t\t\t\t\t\t\t\t<div class=\"elementor-button-wrapper\">\n\t\t\t\t\t<a class=\"elementor-button elementor-button-link elementor-size-sm\" href=\"#consulta\">\n\t\t\t\t\t\t<span class=\"elementor-button-content-wrapper\">\n\t\t\t\t\t\t\t\t\t<span class=\"elementor-button-text\">Realizar consulta<\/span>\n\t\t\t\t\t<\/span>\n\t\t\t\t\t<\/a>\n\t\t\t\t<\/div>\n\t\t\t\t\t\t\t\t<\/div>\n\t\t\t\t<\/div>\n\t\t\t\t\t<\/div>\n\t\t\t\t<\/div>\n\t\t\t\t<\/div>\n\t\t\t\t\t<\/div>\n\t\t\t\t<\/div>\n\t\t<div class=\"elementor-element elementor-element-1a46f37 e-flex e-con-boxed e-con e-parent\" data-id=\"1a46f37\" data-element_type=\"container\">\n\t\t\t\t\t<div class=\"e-con-inner\">\n\t\t<div class=\"elementor-element elementor-element-5e8af88 e-con-full e-flex e-con e-child\" data-id=\"5e8af88\" data-element_type=\"container\">\n\t\t\t\t<div class=\"elementor-element elementor-element-d17b2f2 elementor-widget elementor-widget-heading\" data-id=\"d17b2f2\" data-element_type=\"widget\" data-widget_type=\"heading.default\">\n\t\t\t\t<div class=\"elementor-widget-container\">\n\t\t\t\t\t<h2 class=\"elementor-heading-title elementor-size-default\">Financiaci\u00f3n Alenco\n<\/h2>\t\t\t\t<\/div>\n\t\t\t\t<\/div>\n\t\t\t\t<div class=\"elementor-element elementor-element-dcc08ea elementor-widget elementor-widget-text-editor\" data-id=\"dcc08ea\" data-element_type=\"widget\" data-widget_type=\"text-editor.default\">\n\t\t\t\t<div class=\"elementor-widget-container\">\n\t\t\t\t\t\t\t\t\t<p>Financia su proyecto con Capitales Propios. Gracias a una vasta experiencia en el mercado del Transporte de Pasajeros, en Alenco podemos ofrecerle diversas alternativas de financiaci\u00f3n desarrolladas especialmente para la necesidad de su negocio.<\/p><p><strong>Nuestros Planes para:<\/strong><\/p><ul class=\"list\"><li><strong>VEH\u00cdCULOS USADOS<\/strong><p>Financiacion de hasta 12 meses a una tasa fija en pesos.<\/p><\/li><li><strong>VEH\u00cdCULOS 0KM<\/strong><p>Financiacion de hasta 12 meses a tasa fija o variable en pesos.<\/p><\/li><\/ul>\t\t\t\t\t\t\t\t<\/div>\n\t\t\t\t<\/div>\n\t\t\t\t<div class=\"elementor-element elementor-element-9bcb772 elementor-widget elementor-widget-heading\" data-id=\"9bcb772\" data-element_type=\"widget\" data-widget_type=\"heading.default\">\n\t\t\t\t<div class=\"elementor-widget-container\">\n\t\t\t\t\t<h2 class=\"elementor-heading-title elementor-size-default\">Entidades Bancarias\n<\/h2>\t\t\t\t<\/div>\n\t\t\t\t<\/div>\n\t\t\t\t<div class=\"elementor-element elementor-element-507ef02 elementor-widget elementor-widget-text-editor\" data-id=\"507ef02\" data-element_type=\"widget\" data-widget_type=\"text-editor.default\">\n\t\t\t\t<div class=\"elementor-widget-container\">\n\t\t\t\t\t\t\t\t\t<p>Acceda a su 0 km \u00f3 Usado a trav\u00e9s de financiaciones otorgadas por prestigiosas entidades bancarias.<\/p><p>En Alenco le brindamos un asesoramiento de primer nivel para que Ud. maximice los resultados de su negocio, accediendo a cr\u00e9ditos con las mejores condiciones del mercado.<\/p><p>Nos ocupamos de efectuar las gestiones necesarias para la tramitaci\u00f3n de dichos cr\u00e9ditos. Cont\u00e1ctese con nosotros para evaluar su calificaci\u00f3n crediticia y ofrecerle una adecuada propuesta de financiaci\u00f3n.<\/p>\t\t\t\t\t\t\t\t<\/div>\n\t\t\t\t<\/div>\n\t\t\t\t<div class=\"elementor-element elementor-element-15b035b elementor-widget elementor-widget-heading\" data-id=\"15b035b\" data-element_type=\"widget\" data-widget_type=\"heading.default\">\n\t\t\t\t<div class=\"elementor-widget-container\">\n\t\t\t\t\t<h2 class=\"elementor-heading-title elementor-size-default\">Mercedes Benz Financiera<\/h2>\t\t\t\t<\/div>\n\t\t\t\t<\/div>\n\t\t\t\t<div class=\"elementor-element elementor-element-0274c08 elementor-widget elementor-widget-text-editor\" data-id=\"0274c08\" data-element_type=\"widget\" data-widget_type=\"text-editor.default\">\n\t\t\t\t<div class=\"elementor-widget-container\">\n\t\t\t\t\t\t\t\t\t<p>En Mercedes-Benz Financiera desarrollamos productos financieros con una amplia gama de opciones que permiten acceder a veh\u00edculos Mercedes-Benz de la manera m\u00e1s simple, transparente y r\u00e1pida.<\/p><p><a href=\"https:\/\/www.mbfonline.com.ar\/Institucional\/8\/productos#seguros\" target=\"_blank\" rel=\"noopener\">https:\/\/www.mbfonline.com.ar\/<\/a><\/p>\t\t\t\t\t\t\t\t<\/div>\n\t\t\t\t<\/div>\n\t\t\t\t<div class=\"elementor-element elementor-element-03f8222 elementor-widget elementor-widget-heading\" data-id=\"03f8222\" data-element_type=\"widget\" data-widget_type=\"heading.default\">\n\t\t\t\t<div class=\"elementor-widget-container\">\n\t\t\t\t\t<h2 class=\"elementor-heading-title elementor-size-default\">Prendario<\/h2>\t\t\t\t<\/div>\n\t\t\t\t<\/div>\n\t\t\t\t<div class=\"elementor-element elementor-element-a0a4c54 elementor-widget elementor-widget-text-editor\" data-id=\"a0a4c54\" data-element_type=\"widget\" data-widget_type=\"text-editor.default\">\n\t\t\t\t<div class=\"elementor-widget-container\">\n\t\t\t\t\t\t\t\t\t<ul class=\"list\"><li><p>Tasa Fija en pesos.<\/p><\/li><li><p>Financiaci\u00f3n de veh\u00edculos 0Km.<\/p><\/li><li><p>Planes a la medida de las necesidades de nuestros clientes.<\/p><\/li><\/ul>\t\t\t\t\t\t\t\t<\/div>\n\t\t\t\t<\/div>\n\t\t\t\t<div class=\"elementor-element elementor-element-e7392e8 elementor-widget elementor-widget-heading\" data-id=\"e7392e8\" data-element_type=\"widget\" data-widget_type=\"heading.default\">\n\t\t\t\t<div class=\"elementor-widget-container\">\n\t\t\t\t\t<h2 class=\"elementor-heading-title elementor-size-default\">Leasing<\/h2>\t\t\t\t<\/div>\n\t\t\t\t<\/div>\n\t\t\t\t<div class=\"elementor-element elementor-element-a44d9dc elementor-widget elementor-widget-text-editor\" data-id=\"a44d9dc\" data-element_type=\"widget\" data-widget_type=\"text-editor.default\">\n\t\t\t\t<div class=\"elementor-widget-container\">\n\t\t\t\t\t\t\t\t\t<p>El Leasing es una alternativa para la adquisici\u00f3n o renovaci\u00f3n de tu veh\u00edculo Mercedes-Benz, mediante la cual se otorga el uso de la unidad por un plazo determinado, con la opci\u00f3n a comprar o renovar la unidad.<\/p><ul class=\"list\"><li><p>Financiaci\u00f3n 100% de la unidad.<\/p><\/li><li><p>No estar alcanzado por el impuesto a los activos.<\/p><\/li><li><p>Diferimiento del IVA.<\/p><\/li><li><p>Amortizaci\u00f3n acelerada del bien.<\/p><\/li><li><p>Servicios de Administraci\u00f3n.<\/p><\/li><\/ul>\t\t\t\t\t\t\t\t<\/div>\n\t\t\t\t<\/div>\n\t\t\t\t<div class=\"elementor-element elementor-element-b8649bf elementor-widget elementor-widget-heading\" data-id=\"b8649bf\" data-element_type=\"widget\" data-widget_type=\"heading.default\">\n\t\t\t\t<div class=\"elementor-widget-container\">\n\t\t\t\t\t<h2 class=\"elementor-heading-title elementor-size-default\">Flotas<\/h2>\t\t\t\t<\/div>\n\t\t\t\t<\/div>\n\t\t\t\t<div class=\"elementor-element elementor-element-ad76856 elementor-widget elementor-widget-text-editor\" data-id=\"ad76856\" data-element_type=\"widget\" data-widget_type=\"text-editor.default\">\n\t\t\t\t<div class=\"elementor-widget-container\">\n\t\t\t\t\t\t\t\t\t<p>La posibilidad de acceder a su flota con cualquiera de nuestros productos financieros esta hoy al alcance de su mano. Las coberturas de seguros, mantenimientos preventivos y correctivos son elementos diferenciales a la hora de elegir un plan de financiaci\u00f3n. Adem\u00e1s, todo el asesoramiento t\u00e9cnico y financiero de parte del grupo l\u00edder del sector automotriz como as\u00ed tambi\u00e9n l\u00edder en el mundo en la administraci\u00f3n de flotas.<\/p>\t\t\t\t\t\t\t\t<\/div>\n\t\t\t\t<\/div>\n\t\t\t\t<div class=\"elementor-element elementor-element-a0924d6 elementor-widget elementor-widget-heading\" data-id=\"a0924d6\" data-element_type=\"widget\" data-widget_type=\"heading.default\">\n\t\t\t\t<div class=\"elementor-widget-container\">\n\t\t\t\t\t<h2 class=\"elementor-heading-title elementor-size-default\">Seguros\n<\/h2>\t\t\t\t<\/div>\n\t\t\t\t<\/div>\n\t\t\t\t<div class=\"elementor-element elementor-element-d715e7b elementor-widget elementor-widget-text-editor\" data-id=\"d715e7b\" data-element_type=\"widget\" data-widget_type=\"text-editor.default\">\n\t\t\t\t<div class=\"elementor-widget-container\">\n\t\t\t\t\t\t\t\t\t<p>Tu mejor inversi\u00f3n exige la mejor protecci\u00f3n. Por eso, Mercedes-Benz Financiera, pone a tu alcance aseguradoras de primer nivel. Porque nuestro compromiso con la seguridad va m\u00e1s alla del veh\u00edculo. Podr\u00e1s elegir la cobertura a la medida de tus necesidades, con las Compa\u00f1ias de Seguro de primera l\u00ednea.<\/p>\t\t\t\t\t\t\t\t<\/div>\n\t\t\t\t<\/div>\n\t\t\t\t<div class=\"elementor-element elementor-element-98a497d elementor-widget elementor-widget-heading\" data-id=\"98a497d\" data-element_type=\"widget\" data-widget_type=\"heading.default\">\n\t\t\t\t<div class=\"elementor-widget-container\">\n\t\t\t\t\t<h2 class=\"elementor-heading-title elementor-size-default\">Tarjetas de D\u00e9bito y Cr\u00e9dito\n<\/h2>\t\t\t\t<\/div>\n\t\t\t\t<\/div>\n\t\t\t\t<div class=\"elementor-element elementor-element-944bcfb elementor-widget elementor-widget-text-editor\" data-id=\"944bcfb\" data-element_type=\"widget\" data-widget_type=\"text-editor.default\">\n\t\t\t\t<div class=\"elementor-widget-container\">\n\t\t\t\t\t\t\t\t\t<p>En Alenco trabajamos con las tarjetas de d\u00e9bito y cr\u00e9dito m\u00e1s reconocidas en el mercado, ofreciendo planes de pago de hasta 12 cuotas. Consulte nuestras promociones.<\/p>\t\t\t\t\t\t\t\t<\/div>\n\t\t\t\t<\/div>\n\t\t\t\t<div class=\"elementor-element elementor-element-e1f077d elementor-widget elementor-widget-image\" data-id=\"e1f077d\" data-element_type=\"widget\" data-widget_type=\"image.default\">\n\t\t\t\t<div class=\"elementor-widget-container\">\n\t\t\t\t\t\t\t\t\t\t\t\t\t\t\t<img fetchpriority=\"high\" decoding=\"async\" width=\"800\" height=\"122\" src=\"https:\/\/alencosaic.com\/buses\/wp-content\/uploads\/sites\/2\/2025\/06\/tarjetas-1.png\" class=\"attachment-large size-large wp-image-183\" alt=\"\" srcset=\"https:\/\/alencosaic.com\/buses\/wp-content\/uploads\/sites\/2\/2025\/06\/tarjetas-1.png 800w, https:\/\/alencosaic.com\/buses\/wp-content\/uploads\/sites\/2\/2025\/06\/tarjetas-1-300x46.png 300w, https:\/\/alencosaic.com\/buses\/wp-content\/uploads\/sites\/2\/2025\/06\/tarjetas-1-768x117.png 768w\" sizes=\"(max-width: 800px) 100vw, 800px\" \/>\t\t\t\t\t\t\t\t\t\t\t\t\t\t\t<\/div>\n\t\t\t\t<\/div>\n\t\t\t\t<div class=\"elementor-element elementor-element-a3159fa elementor-widget elementor-widget-heading\" data-id=\"a3159fa\" data-element_type=\"widget\" data-widget_type=\"heading.default\">\n\t\t\t\t<div class=\"elementor-widget-container\">\n\t\t\t\t\t<h2 class=\"elementor-heading-title elementor-size-default\">Tarjeta PymeNaci\u00f3n\n<\/h2>\t\t\t\t<\/div>\n\t\t\t\t<\/div>\n\t\t\t\t<div class=\"elementor-element elementor-element-236ab20 elementor-widget elementor-widget-text-editor\" data-id=\"236ab20\" data-element_type=\"widget\" data-widget_type=\"text-editor.default\">\n\t\t\t\t<div class=\"elementor-widget-container\">\n\t\t\t\t\t\t\t\t\t<p>Es una Tarjeta de Cr\u00e9dito Empresa, marca propia del Banco de la Naci\u00f3n Argentina, exclusivamente orientada a usuarios que sean micro, peque\u00f1as o medianas empresas argentinas.<\/p><p>Financie sus compras en cuotas a tasas convenientes y consulte acerca de los beneficios ingresando a:\u00a0<a href=\"https:\/\/www.pymenacion.com.ar\/\" target=\"_blank\" rel=\"noopener\">https:\/\/www.pymenacion.com.ar\/<\/a><\/p><p>Para obtener la tarjeta PymeNaci\u00f3n comun\u00edquese con el BNA al 0810-666-4444 de Lunes a Viernes de 8:00 a 20:00 hs.<\/p>\t\t\t\t\t\t\t\t<\/div>\n\t\t\t\t<\/div>\n\t\t\t\t<\/div>\n\t\t<div class=\"elementor-element elementor-element-fa9bc3e e-con-full e-flex e-con e-child\" data-id=\"fa9bc3e\" data-element_type=\"container\">\n\t\t<div class=\"elementor-element elementor-element-c914b22 e-con-full e-flex e-con e-child\" data-id=\"c914b22\" data-element_type=\"container\" data-settings=\"{&quot;background_background&quot;:&quot;classic&quot;}\">\n\t\t\t\t<div class=\"elementor-element elementor-element-d65a9bc elementor-widget elementor-widget-heading\" data-id=\"d65a9bc\" data-element_type=\"widget\" data-widget_type=\"heading.default\">\n\t\t\t\t<div class=\"elementor-widget-container\">\n\t\t\t\t\t<h2 class=\"elementor-heading-title elementor-size-default\">Cont\u00e1ctenos\n<\/h2>\t\t\t\t<\/div>\n\t\t\t\t<\/div>\n\t\t\t\t<\/div>\n\t\t<div class=\"elementor-element elementor-element-fc18f7c e-con-full e-flex e-con e-child\" data-id=\"fc18f7c\" data-element_type=\"container\" data-settings=\"{&quot;background_background&quot;:&quot;classic&quot;}\">\n\t\t\t\t<div class=\"elementor-element elementor-element-98c9816 elementor-widget elementor-widget-text-editor\" data-id=\"98c9816\" data-element_type=\"widget\" data-widget_type=\"text-editor.default\">\n\t\t\t\t<div class=\"elementor-widget-container\">\n\t\t\t\t\t\t\t\t\t<p>Av. Amancio Alcorta 2939<br \/><img decoding=\"async\" class=\"es alignnone wp-image-111\" style=\"margin-boton: 10px;\" src=\"https:\/\/alencosaic.com\/new\/vans\/wp-content\/uploads\/sites\/3\/2025\/05\/es.png\" alt=\"\" width=\"20\" height=\"20\" data-wp-editing=\"1\" \/> Herminio Masantonio 2940<br \/><a href=\"tel:+5401160653900\">(011) 6065-3900<\/a><br \/><a href=\"mailto:info@alencosaic.com\">info@alencosaic.com<\/a><\/p>\t\t\t\t\t\t\t\t<\/div>\n\t\t\t\t<\/div>\n\t\t\t\t<\/div>\n\t\t\t\t<\/div>\n\t\t\t\t\t<\/div>\n\t\t\t\t<\/div>\n\t\t<div class=\"elementor-element elementor-element-dff2338 e-flex e-con-boxed e-con e-parent\" data-id=\"dff2338\" data-element_type=\"container\" id=\"consulta\">\n\t\t\t\t\t<div class=\"e-con-inner\">\n\t\t\t\t<div class=\"elementor-element elementor-element-3874db1 elementor-widget elementor-widget-heading\" data-id=\"3874db1\" data-element_type=\"widget\" data-widget_type=\"heading.default\">\n\t\t\t\t<div class=\"elementor-widget-container\">\n\t\t\t\t\t<h2 class=\"elementor-heading-title elementor-size-default\">Realizar consulta\n<\/h2>\t\t\t\t<\/div>\n\t\t\t\t<\/div>\n\t\t\t\t<div class=\"elementor-element elementor-element-bf377ab elementor-widget elementor-widget-text-editor\" data-id=\"bf377ab\" data-element_type=\"widget\" data-widget_type=\"text-editor.default\">\n\t\t\t\t<div class=\"elementor-widget-container\">\n\t\t\t\t\t\t\t\t\t<p>Queremos asesorarte sobre tu Mercedes-Benz. Por favor complet\u00e1 el siguiente formulario y nos pondremos en contacto.<\/p>\t\t\t\t\t\t\t\t<\/div>\n\t\t\t\t<\/div>\n\t\t\t\t<div class=\"elementor-element elementor-element-0bb5531 elementor-widget elementor-widget-shortcode\" data-id=\"0bb5531\" data-element_type=\"widget\" data-widget_type=\"shortcode.default\">\n\t\t\t\t<div class=\"elementor-widget-container\">\n\t\t\t\t\t\t\t<div class=\"elementor-shortcode\">\n<div class=\"wpcf7 no-js\" id=\"wpcf7-f190-o1\" lang=\"es-ES\" dir=\"ltr\" data-wpcf7-id=\"190\">\n<div class=\"screen-reader-response\"><p role=\"status\" aria-live=\"polite\" aria-atomic=\"true\"><\/p> <ul><\/ul><\/div>\n<form action=\"\/buses\/wp-json\/wp\/v2\/pages\/166#wpcf7-f190-o1\" method=\"post\" class=\"wpcf7-form init\" aria-label=\"Formulario de contacto\" novalidate=\"novalidate\" data-status=\"init\">\n<fieldset class=\"hidden-fields-container\"><input type=\"hidden\" name=\"_wpcf7\" value=\"190\" \/><input type=\"hidden\" name=\"_wpcf7_version\" value=\"6.1\" \/><input type=\"hidden\" name=\"_wpcf7_locale\" value=\"es_ES\" \/><input type=\"hidden\" name=\"_wpcf7_unit_tag\" value=\"wpcf7-f190-o1\" \/><input type=\"hidden\" name=\"_wpcf7_container_post\" value=\"0\" \/><input type=\"hidden\" name=\"_wpcf7_posted_data_hash\" value=\"\" \/>\n<\/fieldset>\n<div id=\"responsive-form\" class=\"clearfix\">\n\t<div class=\"form-row\">\n\t\t<div class=\"column-half\">\n\t\t\t<p><span class=\"wpcf7-form-control-wrap\" data-name=\"first-name\"><input size=\"40\" maxlength=\"400\" class=\"wpcf7-form-control wpcf7-text wpcf7-validates-as-required\" aria-required=\"true\" aria-invalid=\"false\" placeholder=\"Nombre*\" value=\"\" type=\"text\" name=\"first-name\" \/><\/span>\n\t\t\t<\/p>\n\t\t<\/div>\n\t\t<div class=\"column-half\">\n\t\t\t<p><span class=\"wpcf7-form-control-wrap\" data-name=\"last-name\"><input size=\"40\" maxlength=\"400\" class=\"wpcf7-form-control wpcf7-text wpcf7-validates-as-required\" aria-required=\"true\" aria-invalid=\"false\" placeholder=\"Apellido\" value=\"\" type=\"text\" name=\"last-name\" \/><\/span>\n\t\t\t<\/p>\n\t\t<\/div>\n\t<\/div>\n\t<div class=\"form-row\">\n\t\t<div class=\"column-half\">\n\t\t\t<p><span class=\"wpcf7-form-control-wrap\" data-name=\"your-phone\"><input size=\"40\" maxlength=\"400\" class=\"wpcf7-form-control wpcf7-text wpcf7-validates-as-required\" aria-required=\"true\" aria-invalid=\"false\" placeholder=\"Tel\u00e9fono\" value=\"\" type=\"text\" name=\"your-phone\" \/><\/span>\n\t\t\t<\/p>\n\t\t<\/div>\n\t\t<div class=\"column-half\">\n\t\t\t<p><span class=\"wpcf7-form-control-wrap\" data-name=\"your-email\"><input size=\"40\" maxlength=\"400\" class=\"wpcf7-form-control wpcf7-email wpcf7-validates-as-required wpcf7-text wpcf7-validates-as-email\" aria-required=\"true\" aria-invalid=\"false\" placeholder=\"Email*\" value=\"\" type=\"email\" name=\"your-email\" \/><\/span>\n\t\t\t<\/p>\n\t\t<\/div>\n\t<\/div>\n\t<div class=\"form-row\">\n\t\t<div class=\"column-full\">\n\t\t\t<p><span class=\"wpcf7-form-control-wrap\" data-name=\"vehiculo\"><select class=\"wpcf7-form-control wpcf7-select wpcf7-validates-as-required\" aria-required=\"true\" aria-invalid=\"false\" name=\"vehiculo\"><option value=\"\">Consulta de producto \u00f3 modelo de inter\u00e9s:<\/option><option value=\"VANS\">VANS<\/option><option value=\"BUSES\">BUSES<\/option><\/select><\/span>\n\t\t\t<\/p>\n\t\t<\/div>\n\t<\/div>\n\t<div class=\"form-row\">\n\t\t<div class=\"column-full\">\n\t\t\t<p><span class=\"wpcf7-form-control-wrap\" data-name=\"your-message\"><textarea cols=\"40\" rows=\"10\" maxlength=\"2000\" class=\"wpcf7-form-control wpcf7-textarea\" aria-invalid=\"false\" placeholder=\"Mensaje\" name=\"your-message\"><\/textarea><\/span>\n\t\t\t<\/p>\n\t\t<\/div>\n\t<\/div>\n\t<div class=\"form-row\">\n\t\t<div class=\"column-full\">\n\t\t\t<p><span class=\"wpcf7-form-control-wrap\" data-name=\"acceptance-176\"><span class=\"wpcf7-form-control wpcf7-acceptance\"><span class=\"wpcf7-list-item\"><label><input type=\"checkbox\" name=\"acceptance-176\" value=\"1\" aria-invalid=\"false\" \/><span class=\"wpcf7-list-item-label\">Acepto el uso y almacenamiento de mis datos<\/span><\/label><\/span><\/span><\/span>\n\t\t\t<\/p>\n\t\t\t<p><br \/>\nDeclaro haber sido informado en los t\u00e9rminos del art. 6 de la Ley 25.326 acerca del car\u00e1cter facultativo de la presente y de la posibilidad de ejercer el derecho de acceso, rectificaci\u00f3n y supresi\u00f3n de los datos antes referidos, as\u00ed como tambi\u00e9n de la finalidad de su tratamiento.<br \/>\nAutorizo y consiento expresamente a ALENCO S.A.I.C. para el procesamiento de datos, y todo ello en los t\u00e9rminos requeridos por el art. 5 de la Ley 25.326 a usar mis datos personales contenidos en la presente a fin de que formulen ofertas publicitarias y remitan informaci\u00f3n comercial de sus bienes y\/o servicios, incluido, pero no limitado a futuras acciones de marketing \/ invitaci\u00f3n a eventos \/ comunicaciones referentes a ofertas de productos y\/o servicios, etc.\n\t\t\t<\/p>\n\t\t<\/div>\n\t<\/div>\n\t<div class=\"form-row\">\n\t\t<div class=\"column-full\">\n\t\t\t<p><input class=\"wpcf7-form-control wpcf7-submit has-spinner\" type=\"submit\" value=\"Enviar\" \/>\n\t\t\t<\/p>\n\t\t<\/div>\n\t<\/div>\n<\/div><div class=\"wpcf7-response-output\" aria-hidden=\"true\"><\/div>\n<\/form>\n<\/div>\n<\/div>\n\t\t\t\t\t\t<\/div>\n\t\t\t\t<\/div>\n\t\t\t\t\t<\/div>\n\t\t\t\t<\/div>\n\t\t\t\t<\/div>\n\t\t","protected":false},"excerpt":{"rendered":"<p>Financiaci\u00f3n Financiaci\u00f3n Acced\u00e9 a veh\u00edculos Mercedes-Benz de la manera m\u00e1s simple. Realizar consulta Financiaci\u00f3n Alenco Financia su proyecto con Capitales Propios. Gracias a una vasta experiencia en el mercado del Transporte de Pasajeros, en Alenco podemos ofrecerle diversas alternativas de financiaci\u00f3n desarrolladas especialmente para la necesidad de su negocio. Nuestros Planes para: VEH\u00cdCULOS USADOS Financiacion [&hellip;]<\/p>\n","protected":false},"author":1,"featured_media":0,"parent":0,"menu_order":0,"comment_status":"closed","ping_status":"closed","template":"elementor_header_footer","meta":{"footnotes":""},"class_list":["post-166","page","type-page","status-publish","hentry"],"_links":{"self":[{"href":"https:\/\/alencosaic.com\/buses\/wp-json\/wp\/v2\/pages\/166","targetHints":{"allow":["GET"]}}],"collection":[{"href":"https:\/\/alencosaic.com\/buses\/wp-json\/wp\/v2\/pages"}],"about":[{"href":"https:\/\/alencosaic.com\/buses\/wp-json\/wp\/v2\/types\/page"}],"author":[{"embeddable":true,"href":"https:\/\/alencosaic.com\/buses\/wp-json\/wp\/v2\/users\/1"}],"replies":[{"embeddable":true,"href":"https:\/\/alencosaic.com\/buses\/wp-json\/wp\/v2\/comments?post=166"}],"version-history":[{"count":28,"href":"https:\/\/alencosaic.com\/buses\/wp-json\/wp\/v2\/pages\/166\/revisions"}],"predecessor-version":[{"id":435,"href":"https:\/\/alencosaic.com\/buses\/wp-json\/wp\/v2\/pages\/166\/revisions\/435"}],"wp:attachment":[{"href":"https:\/\/alencosaic.com\/buses\/wp-json\/wp\/v2\/media?parent=166"}],"curies":[{"name":"wp","href":"https:\/\/api.w.org\/{rel}","templated":true}]}}