{"id":253,"date":"2025-06-02T16:51:54","date_gmt":"2025-06-02T14:51:54","guid":{"rendered":"https:\/\/alencosaic.com\/buses\/?page_id=253"},"modified":"2025-06-06T18:15:16","modified_gmt":"2025-06-06T16:15:16","slug":"repuestos-y-accesorios","status":"publish","type":"page","link":"https:\/\/alencosaic.com\/buses\/repuestos-y-accesorios\/","title":{"rendered":"Repuestos y Accesorios"},"content":{"rendered":"\t\t<div data-elementor-type=\"wp-page\" data-elementor-id=\"253\" class=\"elementor elementor-253\" data-elementor-post-type=\"page\">\n\t\t\t\t<div class=\"elementor-element elementor-element-ab0fd8f e-flex e-con-boxed e-con e-parent\" data-id=\"ab0fd8f\" data-element_type=\"container\" data-settings=\"{&quot;background_background&quot;:&quot;classic&quot;}\">\n\t\t\t\t\t<div class=\"e-con-inner\">\n\t\t<div class=\"elementor-element elementor-element-2c1c568 e-con-full e-flex e-con e-child\" data-id=\"2c1c568\" data-element_type=\"container\" data-settings=\"{&quot;background_background&quot;:&quot;classic&quot;}\">\n\t\t<div class=\"elementor-element elementor-element-d1a638a e-flex e-con-boxed e-con e-child\" data-id=\"d1a638a\" data-element_type=\"container\">\n\t\t\t\t\t<div class=\"e-con-inner\">\n\t\t\t\t<div class=\"elementor-element elementor-element-dc1ae44 elementor-widget elementor-widget-heading\" data-id=\"dc1ae44\" data-element_type=\"widget\" data-widget_type=\"heading.default\">\n\t\t\t\t<div class=\"elementor-widget-container\">\n\t\t\t\t\t<h2 class=\"elementor-heading-title elementor-size-default\">Postventa<\/h2>\t\t\t\t<\/div>\n\t\t\t\t<\/div>\n\t\t\t\t<div class=\"elementor-element elementor-element-4fd7c68 elementor-widget-divider--view-line elementor-widget elementor-widget-divider\" data-id=\"4fd7c68\" data-element_type=\"widget\" data-widget_type=\"divider.default\">\n\t\t\t\t<div class=\"elementor-widget-container\">\n\t\t\t\t\t\t\t<div class=\"elementor-divider\">\n\t\t\t<span class=\"elementor-divider-separator\">\n\t\t\t\t\t\t<\/span>\n\t\t<\/div>\n\t\t\t\t\t\t<\/div>\n\t\t\t\t<\/div>\n\t\t\t\t<div class=\"elementor-element elementor-element-3a82b75 elementor-widget elementor-widget-heading\" data-id=\"3a82b75\" data-element_type=\"widget\" data-widget_type=\"heading.default\">\n\t\t\t\t<div class=\"elementor-widget-container\">\n\t\t\t\t\t<h2 class=\"elementor-heading-title elementor-size-default\">REPUESTOS Y ACCESORIOS GENUINOS\n<\/h2>\t\t\t\t<\/div>\n\t\t\t\t<\/div>\n\t\t\t\t<div class=\"elementor-element elementor-element-812781e elementor-widget elementor-widget-button\" data-id=\"812781e\" data-element_type=\"widget\" data-widget_type=\"button.default\">\n\t\t\t\t<div class=\"elementor-widget-container\">\n\t\t\t\t\t\t\t\t\t<div class=\"elementor-button-wrapper\">\n\t\t\t\t\t<a class=\"elementor-button elementor-button-link elementor-size-sm\" href=\"#consulta\">\n\t\t\t\t\t\t<span class=\"elementor-button-content-wrapper\">\n\t\t\t\t\t\t\t\t\t<span class=\"elementor-button-text\">Realizar consulta<\/span>\n\t\t\t\t\t<\/span>\n\t\t\t\t\t<\/a>\n\t\t\t\t<\/div>\n\t\t\t\t\t\t\t\t<\/div>\n\t\t\t\t<\/div>\n\t\t\t\t\t<\/div>\n\t\t\t\t<\/div>\n\t\t\t\t<\/div>\n\t\t\t\t\t<\/div>\n\t\t\t\t<\/div>\n\t\t<div class=\"elementor-element elementor-element-1a46f37 e-flex e-con-boxed e-con e-parent\" data-id=\"1a46f37\" data-element_type=\"container\">\n\t\t\t\t\t<div class=\"e-con-inner\">\n\t\t<div class=\"elementor-element elementor-element-5e8af88 e-flex e-con-boxed e-con e-child\" data-id=\"5e8af88\" data-element_type=\"container\">\n\t\t\t\t\t<div class=\"e-con-inner\">\n\t\t\t\t<div class=\"elementor-element elementor-element-c80ba72 elementor-widget elementor-widget-text-editor\" data-id=\"c80ba72\" data-element_type=\"widget\" data-widget_type=\"text-editor.default\">\n\t\t\t\t<div class=\"elementor-widget-container\">\n\t\t\t\t\t\t\t\t\t<p>Ponemos a su disposici\u00f3n el m\u00e1s completo stock de repuestos originales Mercedes Benz. Tanto en ventas mayoristas como a nivel particular, usted encontrar\u00e1 el asesoramiento id\u00f3neo, un trato preferencial y las condiciones comerciales m\u00e1s ventajosas de plaza. <strong>Realizamos env\u00edos a todo el pa\u00eds.<\/strong><\/p>\t\t\t\t\t\t\t\t<\/div>\n\t\t\t\t<\/div>\n\t\t\t\t<div class=\"elementor-element elementor-element-fa534ca elementor-icon-list--layout-traditional elementor-list-item-link-full_width elementor-widget elementor-widget-icon-list\" data-id=\"fa534ca\" data-element_type=\"widget\" data-widget_type=\"icon-list.default\">\n\t\t\t\t<div class=\"elementor-widget-container\">\n\t\t\t\t\t\t\t<ul class=\"elementor-icon-list-items\">\n\t\t\t\t\t\t\t<li class=\"elementor-icon-list-item\">\n\t\t\t\t\t\t\t\t\t\t\t<a href=\"mailto:repuestos@alencosaic.com\">\n\n\t\t\t\t\t\t\t\t\t\t\t\t<span class=\"elementor-icon-list-icon\">\n\t\t\t\t\t\t\t<svg aria-hidden=\"true\" class=\"e-font-icon-svg e-fas-envelope\" viewBox=\"0 0 512 512\" xmlns=\"http:\/\/www.w3.org\/2000\/svg\"><path d=\"M502.3 190.8c3.9-3.1 9.7-.2 9.7 4.7V400c0 26.5-21.5 48-48 48H48c-26.5 0-48-21.5-48-48V195.6c0-5 5.7-7.8 9.7-4.7 22.4 17.4 52.1 39.5 154.1 113.6 21.1 15.4 56.7 47.8 92.2 47.6 35.7.3 72-32.8 92.3-47.6 102-74.1 131.6-96.3 154-113.7zM256 320c23.2.4 56.6-29.2 73.4-41.4 132.7-96.3 142.8-104.7 173.4-128.7 5.8-4.5 9.2-11.5 9.2-18.9v-19c0-26.5-21.5-48-48-48H48C21.5 64 0 85.5 0 112v19c0 7.4 3.4 14.3 9.2 18.9 30.6 23.9 40.7 32.4 173.4 128.7 16.8 12.2 50.2 41.8 73.4 41.4z\"><\/path><\/svg>\t\t\t\t\t\t<\/span>\n\t\t\t\t\t\t\t\t\t\t<span class=\"elementor-icon-list-text\">repuestos@alencosaic.com<\/span>\n\t\t\t\t\t\t\t\t\t\t\t<\/a>\n\t\t\t\t\t\t\t\t\t<\/li>\n\t\t\t\t\t\t\t\t<li class=\"elementor-icon-list-item\">\n\t\t\t\t\t\t\t\t\t\t\t<a href=\"tel:+541160653915\">\n\n\t\t\t\t\t\t\t\t\t\t\t\t<span class=\"elementor-icon-list-icon\">\n\t\t\t\t\t\t\t<svg aria-hidden=\"true\" class=\"e-font-icon-svg e-fas-phone-alt\" viewBox=\"0 0 512 512\" xmlns=\"http:\/\/www.w3.org\/2000\/svg\"><path d=\"M497.39 361.8l-112-48a24 24 0 0 0-28 6.9l-49.6 60.6A370.66 370.66 0 0 1 130.6 204.11l60.6-49.6a23.94 23.94 0 0 0 6.9-28l-48-112A24.16 24.16 0 0 0 122.6.61l-104 24A24 24 0 0 0 0 48c0 256.5 207.9 464 464 464a24 24 0 0 0 23.4-18.6l24-104a24.29 24.29 0 0 0-14.01-27.6z\"><\/path><\/svg>\t\t\t\t\t\t<\/span>\n\t\t\t\t\t\t\t\t\t\t<span class=\"elementor-icon-list-text\">(011) 6065-3915<\/span>\n\t\t\t\t\t\t\t\t\t\t\t<\/a>\n\t\t\t\t\t\t\t\t\t<\/li>\n\t\t\t\t\t\t\t\t<li class=\"elementor-icon-list-item\">\n\t\t\t\t\t\t\t\t\t\t\t<a href=\"https:\/\/wa.me\/+541130131882\">\n\n\t\t\t\t\t\t\t\t\t\t\t\t<span class=\"elementor-icon-list-icon\">\n\t\t\t\t\t\t\t<svg aria-hidden=\"true\" class=\"e-font-icon-svg e-fab-whatsapp\" viewBox=\"0 0 448 512\" xmlns=\"http:\/\/www.w3.org\/2000\/svg\"><path d=\"M380.9 97.1C339 55.1 283.2 32 223.9 32c-122.4 0-222 99.6-222 222 0 39.1 10.2 77.3 29.6 111L0 480l117.7-30.9c32.4 17.7 68.9 27 106.1 27h.1c122.3 0 224.1-99.6 224.1-222 0-59.3-25.2-115-67.1-157zm-157 341.6c-33.2 0-65.7-8.9-94-25.7l-6.7-4-69.8 18.3L72 359.2l-4.4-7c-18.5-29.4-28.2-63.3-28.2-98.2 0-101.7 82.8-184.5 184.6-184.5 49.3 0 95.6 19.2 130.4 54.1 34.8 34.9 56.2 81.2 56.1 130.5 0 101.8-84.9 184.6-186.6 184.6zm101.2-138.2c-5.5-2.8-32.8-16.2-37.9-18-5.1-1.9-8.8-2.8-12.5 2.8-3.7 5.6-14.3 18-17.6 21.8-3.2 3.7-6.5 4.2-12 1.4-32.6-16.3-54-29.1-75.5-66-5.7-9.8 5.7-9.1 16.3-30.3 1.8-3.7.9-6.9-.5-9.7-1.4-2.8-12.5-30.1-17.1-41.2-4.5-10.8-9.1-9.3-12.5-9.5-3.2-.2-6.9-.2-10.6-.2-3.7 0-9.7 1.4-14.8 6.9-5.1 5.6-19.4 19-19.4 46.3 0 27.3 19.9 53.7 22.6 57.4 2.8 3.7 39.1 59.7 94.8 83.8 35.2 15.2 49 16.5 66.6 13.9 10.7-1.6 32.8-13.4 37.4-26.4 4.6-13 4.6-24.1 3.2-26.4-1.3-2.5-5-3.9-10.5-6.6z\"><\/path><\/svg>\t\t\t\t\t\t<\/span>\n\t\t\t\t\t\t\t\t\t\t<span class=\"elementor-icon-list-text\">(113) 013 1882<\/span>\n\t\t\t\t\t\t\t\t\t\t\t<\/a>\n\t\t\t\t\t\t\t\t\t<\/li>\n\t\t\t\t\t\t<\/ul>\n\t\t\t\t\t\t<\/div>\n\t\t\t\t<\/div>\n\t\t\t\t<div class=\"elementor-element elementor-element-d17b2f2 elementor-widget elementor-widget-heading\" data-id=\"d17b2f2\" data-element_type=\"widget\" data-widget_type=\"heading.default\">\n\t\t\t\t<div class=\"elementor-widget-container\">\n\t\t\t\t\t<h2 class=\"elementor-heading-title elementor-size-default\">CONFIABILIDAD. REPUESTOS GENUINOS.\n<\/h2>\t\t\t\t<\/div>\n\t\t\t\t<\/div>\n\t\t\t\t<div class=\"elementor-element elementor-element-dcc08ea elementor-widget elementor-widget-text-editor\" data-id=\"dcc08ea\" data-element_type=\"widget\" data-widget_type=\"text-editor.default\">\n\t\t\t\t<div class=\"elementor-widget-container\">\n\t\t\t\t\t\t\t\t\t<p>Fabricados de acuerdo a los m\u00e1s rigurosos par\u00e1metros de calidad seg\u00fan los est\u00e1ndares de Mercedes-Benz, nuestros Repuestos Genuinos aseguran el m\u00e1ximo desempe\u00f1o, econom\u00eda, seguridad y durabilidad de su veh\u00edculo. Utiliz\u00e1ndolos, usted aumenta los intervalos entre cada mantenimiento y valoriza su veh\u00edculo al preservar sus caracter\u00edsticas originales.<\/p>\t\t\t\t\t\t\t\t<\/div>\n\t\t\t\t<\/div>\n\t\t\t\t<div class=\"elementor-element elementor-element-9bcb772 elementor-widget elementor-widget-heading\" data-id=\"9bcb772\" data-element_type=\"widget\" data-widget_type=\"heading.default\">\n\t\t\t\t<div class=\"elementor-widget-container\">\n\t\t\t\t\t<h2 class=\"elementor-heading-title elementor-size-default\">DISPONIBILIDAD. LOG\u00cdSTICA DE REPUESTOS.\n<\/h2>\t\t\t\t<\/div>\n\t\t\t\t<\/div>\n\t\t\t\t<div class=\"elementor-element elementor-element-507ef02 elementor-widget elementor-widget-text-editor\" data-id=\"507ef02\" data-element_type=\"widget\" data-widget_type=\"text-editor.default\">\n\t\t\t\t<div class=\"elementor-widget-container\">\n\t\t\t\t\t\t\t\t\tPorque entendemos la necesidad de que su veh\u00edculo est\u00e9 siempre en funcionamiento, desde Mercedes-Benz garantizamos la disponibilidad, agilidad en la entrega y calidad de nuestros Repuestos Genuinos. Nuestro amplio y moderno dep\u00f3sito brinda el mejor servicio de log\u00edstica abasteciendo al stock descentralizado en Concesionarios y Talleres Autorizados Mercedes-Benz que aseguran la disponibilidad de Repuestos Genuinos en todo el pa\u00eds. En Mercedes-Benz cuidamos todos los detalles relativos a nuestros repuestos para brindarle soluciones integrales que permitan que su veh\u00edculo est\u00e9 menos tiempo en el taller y m\u00e1s tiempo en el trabajo.\n\n\t\t\t\t\t\t\t\t<\/div>\n\t\t\t\t<\/div>\n\t\t\t\t<div class=\"elementor-element elementor-element-15b035b elementor-widget elementor-widget-heading\" data-id=\"15b035b\" data-element_type=\"widget\" data-widget_type=\"heading.default\">\n\t\t\t\t<div class=\"elementor-widget-container\">\n\t\t\t\t\t<h2 class=\"elementor-heading-title elementor-size-default\">GARANT\u00cdA\n<\/h2>\t\t\t\t<\/div>\n\t\t\t\t<\/div>\n\t\t\t\t<div class=\"elementor-element elementor-element-0274c08 elementor-widget elementor-widget-text-editor\" data-id=\"0274c08\" data-element_type=\"widget\" data-widget_type=\"text-editor.default\">\n\t\t\t\t<div class=\"elementor-widget-container\">\n\t\t\t\t\t\t\t\t\t<p>La garant\u00eda para todas las piezas compradas y montadas en Concesionarios Oficiales o en Talleres Autorizados de la Red Mercedes-Benz vence dentro de los 12 meses de montada la pieza, o al alcanzar los 50.000 km (lo que se cumpla primero).<\/p><p>Para motores que se monten en Concesionarios Oficiales o en Talleres Autorizados de la Red Mercedes-Benz, rigen los plazos de garant\u00eda siguientes: 12 meses y como m\u00e1ximo 50.000 km a partir de la fecha de montaje (lo que se cumpla primero).<\/p><p>Para cambios o ejes propulsores que se monten en Concesionarios Oficiales o en Talleres Autorizados de la Red Mercedes-Benz, rigen los plazos de garant\u00eda siguientes: 12 meses y como m\u00e1ximo 100.000 km a partir de la fecha de montaje (lo que se cumpla primero).<\/p>\t\t\t\t\t\t\t\t<\/div>\n\t\t\t\t<\/div>\n\t\t\t\t\t<\/div>\n\t\t\t\t<\/div>\n\t\t\t\t\t<\/div>\n\t\t\t\t<\/div>\n\t\t<div class=\"elementor-element elementor-element-ba23109 e-flex e-con-boxed e-con e-parent\" data-id=\"ba23109\" data-element_type=\"container\">\n\t\t\t\t\t<div class=\"e-con-inner\">\n\t\t<div class=\"elementor-element elementor-element-5b07d3d e-con-full e-flex e-con e-child\" data-id=\"5b07d3d\" data-element_type=\"container\">\n\t\t<div class=\"elementor-element elementor-element-8479233 e-con-full e-flex e-con e-child\" data-id=\"8479233\" data-element_type=\"container\">\n\t\t\t\t<div class=\"elementor-element elementor-element-747ffb9 elementor-widget elementor-widget-image\" data-id=\"747ffb9\" data-element_type=\"widget\" data-widget_type=\"image.default\">\n\t\t\t\t<div class=\"elementor-widget-container\">\n\t\t\t\t\t\t\t\t\t\t\t\t\t\t\t<img fetchpriority=\"high\" decoding=\"async\" width=\"800\" height=\"450\" src=\"https:\/\/alencosaic.com\/buses\/wp-content\/uploads\/sites\/2\/2025\/06\/repuestos-1024x576.jpg\" class=\"attachment-large size-large wp-image-271\" alt=\"\" srcset=\"https:\/\/alencosaic.com\/buses\/wp-content\/uploads\/sites\/2\/2025\/06\/repuestos-1024x576.jpg 1024w, https:\/\/alencosaic.com\/buses\/wp-content\/uploads\/sites\/2\/2025\/06\/repuestos-300x169.jpg 300w, https:\/\/alencosaic.com\/buses\/wp-content\/uploads\/sites\/2\/2025\/06\/repuestos-768x432.jpg 768w, https:\/\/alencosaic.com\/buses\/wp-content\/uploads\/sites\/2\/2025\/06\/repuestos.jpg 1280w\" sizes=\"(max-width: 800px) 100vw, 800px\" \/>\t\t\t\t\t\t\t\t\t\t\t\t\t\t\t<\/div>\n\t\t\t\t<\/div>\n\t\t\t\t<div class=\"elementor-element elementor-element-506d595 elementor-widget elementor-widget-heading\" data-id=\"506d595\" data-element_type=\"widget\" data-widget_type=\"heading.default\">\n\t\t\t\t<div class=\"elementor-widget-container\">\n\t\t\t\t\t<h2 class=\"elementor-heading-title elementor-size-default\">Repuestos geniunios.\n<\/h2>\t\t\t\t<\/div>\n\t\t\t\t<\/div>\n\t\t\t\t<div class=\"elementor-element elementor-element-3f80e60 elementor-widget elementor-widget-text-editor\" data-id=\"3f80e60\" data-element_type=\"widget\" data-widget_type=\"text-editor.default\">\n\t\t\t\t<div class=\"elementor-widget-container\">\n\t\t\t\t\t\t\t\t\t<p>Cada pieza original Mercedes\u2011Benz cumple nuestros elevados est\u00e1ndares de calidad. Ya que se ha desarrollado especialmente para nuestros veh\u00edculos. Para ello, realizamos numerosas pruebas conforme a las estrictas y precisas especificaciones del fabricante y a un perfeccionamiento continuo. El ajuste preciso garantiza un montaje sencillo de todas las piezas en tu cami\u00f3n sin necesidad de trabajos de repaso, as\u00ed como una sustituci\u00f3n sin problemas de las piezas de desgaste. Garant\u00eda, capacidad de suministro a largo plazo y tiempos de reaprovisionamiento cortos: esa es nuestra promesa de calidad para vos.<\/p>\t\t\t\t\t\t\t\t<\/div>\n\t\t\t\t<\/div>\n\t\t\t\t<\/div>\n\t\t<div class=\"elementor-element elementor-element-fed0964 e-con-full e-flex e-con e-child\" data-id=\"fed0964\" data-element_type=\"container\">\n\t\t\t\t<div class=\"elementor-element elementor-element-868f012 elementor-widget elementor-widget-image\" data-id=\"868f012\" data-element_type=\"widget\" data-widget_type=\"image.default\">\n\t\t\t\t<div class=\"elementor-widget-container\">\n\t\t\t\t\t\t\t\t\t\t\t\t\t\t\t<img decoding=\"async\" width=\"800\" height=\"450\" src=\"https:\/\/alencosaic.com\/buses\/wp-content\/uploads\/sites\/2\/2025\/06\/reman-1024x576.webp\" class=\"attachment-large size-large wp-image-272\" alt=\"\" srcset=\"https:\/\/alencosaic.com\/buses\/wp-content\/uploads\/sites\/2\/2025\/06\/reman-1024x576.webp 1024w, https:\/\/alencosaic.com\/buses\/wp-content\/uploads\/sites\/2\/2025\/06\/reman-300x169.webp 300w, https:\/\/alencosaic.com\/buses\/wp-content\/uploads\/sites\/2\/2025\/06\/reman-768x432.webp 768w, https:\/\/alencosaic.com\/buses\/wp-content\/uploads\/sites\/2\/2025\/06\/reman.webp 1280w\" sizes=\"(max-width: 800px) 100vw, 800px\" \/>\t\t\t\t\t\t\t\t\t\t\t\t\t\t\t<\/div>\n\t\t\t\t<\/div>\n\t\t\t\t<div class=\"elementor-element elementor-element-7260899 elementor-widget elementor-widget-heading\" data-id=\"7260899\" data-element_type=\"widget\" data-widget_type=\"heading.default\">\n\t\t\t\t<div class=\"elementor-widget-container\">\n\t\t\t\t\t<h2 class=\"elementor-heading-title elementor-size-default\">REMAN: piezas genuinas remanufacturadas.\n<\/h2>\t\t\t\t<\/div>\n\t\t\t\t<\/div>\n\t\t\t\t<div class=\"elementor-element elementor-element-1e6b806 elementor-widget elementor-widget-text-editor\" data-id=\"1e6b806\" data-element_type=\"widget\" data-widget_type=\"text-editor.default\">\n\t\t\t\t<div class=\"elementor-widget-container\">\n\t\t\t\t\t\t\t\t\t<div class=\"col100\">La clave para m\u00e1s flexibilidad.<\/div><div class=\"col100\"><p>Las cajas de cambios y motores genuinos remanufacturados Mercedes-Benz son una propuesta de reparaci\u00f3n econ\u00f3micamente flexible para sus buses Mercedes-Benz.<\/p><p>Todas las Piezas Genuinas Remanufacturadas tienen algo en com\u00fan: bajan sus costos sin comprometer la calidad probada y comprobada de Mercedes-Benz, y est\u00e1n reacondicionadas para cumplir con los est\u00e1ndares de calidad m\u00e1s altos, renovadas con partes originales y nuevas Mercedes-Benz y luego verificadas dentro de las instalaciones de evaluaci\u00f3n interna. Esto nos permite poner su veh\u00edculo r\u00e1pidamente en movimiento, ahorrando tanto tiempo como dinero.<\/p><p>Una caja de cambios y un motor genuinos remanufacturados Mercedes-Benz son recomendables gracias a sus est\u00e1ndares de calidad y gran eficiencia econ\u00f3mica verificada.<\/p><p><strong>NOS QUEDAMOS CON LO MEJOR, Y REEMPLAZAMOS EL RESTO.<\/strong><\/p><p>V\u00e9alo usted mismo y pida en su Taller Oficial Mercedes-Benz las Piezas Genuinas Remanufacturadas Mercedes-Benz para su bus.<\/p><\/div>\t\t\t\t\t\t\t\t<\/div>\n\t\t\t\t<\/div>\n\t\t\t\t<\/div>\n\t\t<div class=\"elementor-element elementor-element-e1374ef e-con-full e-flex e-con e-child\" data-id=\"e1374ef\" data-element_type=\"container\">\n\t\t\t\t<div class=\"elementor-element elementor-element-9d490e0 elementor-widget elementor-widget-image\" data-id=\"9d490e0\" data-element_type=\"widget\" data-widget_type=\"image.default\">\n\t\t\t\t<div class=\"elementor-widget-container\">\n\t\t\t\t\t\t\t\t\t\t\t\t\t\t\t<img decoding=\"async\" width=\"600\" height=\"337\" src=\"https:\/\/alencosaic.com\/buses\/wp-content\/uploads\/sites\/2\/2025\/06\/pv-buses.jpg\" class=\"attachment-large size-large wp-image-152\" alt=\"\" srcset=\"https:\/\/alencosaic.com\/buses\/wp-content\/uploads\/sites\/2\/2025\/06\/pv-buses.jpg 600w, https:\/\/alencosaic.com\/buses\/wp-content\/uploads\/sites\/2\/2025\/06\/pv-buses-300x169.jpg 300w\" sizes=\"(max-width: 600px) 100vw, 600px\" \/>\t\t\t\t\t\t\t\t\t\t\t\t\t\t\t<\/div>\n\t\t\t\t<\/div>\n\t\t\t\t<div class=\"elementor-element elementor-element-65bca55 elementor-widget elementor-widget-heading\" data-id=\"65bca55\" data-element_type=\"widget\" data-widget_type=\"heading.default\">\n\t\t\t\t<div class=\"elementor-widget-container\">\n\t\t\t\t\t<h2 class=\"elementor-heading-title elementor-size-default\">Accesorios<\/h2>\t\t\t\t<\/div>\n\t\t\t\t<\/div>\n\t\t\t\t<div class=\"elementor-element elementor-element-02c9a77 elementor-widget elementor-widget-text-editor\" data-id=\"02c9a77\" data-element_type=\"widget\" data-widget_type=\"text-editor.default\">\n\t\t\t\t<div class=\"elementor-widget-container\">\n\t\t\t\t\t\t\t\t\t<p>Accesorios a medida para que disfrutes de una mayor seguridad, confort y puedas agregar un toque individual a tu veh\u00edculo.<\/p>\t\t\t\t\t\t\t\t<\/div>\n\t\t\t\t<\/div>\n\t\t\t\t<\/div>\n\t\t\t\t<\/div>\n\t\t\t\t\t<\/div>\n\t\t\t\t<\/div>\n\t\t<div class=\"elementor-element elementor-element-dff2338 e-flex e-con-boxed e-con e-parent\" data-id=\"dff2338\" data-element_type=\"container\" id=\"consulta\">\n\t\t\t\t\t<div class=\"e-con-inner\">\n\t\t\t\t<div class=\"elementor-element elementor-element-3874db1 elementor-widget elementor-widget-heading\" data-id=\"3874db1\" data-element_type=\"widget\" data-widget_type=\"heading.default\">\n\t\t\t\t<div class=\"elementor-widget-container\">\n\t\t\t\t\t<h2 class=\"elementor-heading-title elementor-size-default\">Realizar consulta\n<\/h2>\t\t\t\t<\/div>\n\t\t\t\t<\/div>\n\t\t\t\t<div class=\"elementor-element elementor-element-bf377ab elementor-widget elementor-widget-text-editor\" data-id=\"bf377ab\" data-element_type=\"widget\" data-widget_type=\"text-editor.default\">\n\t\t\t\t<div class=\"elementor-widget-container\">\n\t\t\t\t\t\t\t\t\t<p>Queremos asesorarte sobre tu Mercedes-Benz. Por favor complet\u00e1 el siguiente formulario y nos pondremos en contacto.<\/p>\t\t\t\t\t\t\t\t<\/div>\n\t\t\t\t<\/div>\n\t\t\t\t<div class=\"elementor-element elementor-element-0bb5531 elementor-widget elementor-widget-shortcode\" data-id=\"0bb5531\" data-element_type=\"widget\" data-widget_type=\"shortcode.default\">\n\t\t\t\t<div class=\"elementor-widget-container\">\n\t\t\t\t\t\t\t<div class=\"elementor-shortcode\">\n<div class=\"wpcf7 no-js\" id=\"wpcf7-f190-o1\" lang=\"es-ES\" dir=\"ltr\" data-wpcf7-id=\"190\">\n<div class=\"screen-reader-response\"><p role=\"status\" aria-live=\"polite\" aria-atomic=\"true\"><\/p> <ul><\/ul><\/div>\n<form action=\"\/buses\/wp-json\/wp\/v2\/pages\/253#wpcf7-f190-o1\" method=\"post\" class=\"wpcf7-form init\" aria-label=\"Formulario de contacto\" novalidate=\"novalidate\" data-status=\"init\">\n<fieldset class=\"hidden-fields-container\"><input type=\"hidden\" name=\"_wpcf7\" value=\"190\" \/><input type=\"hidden\" name=\"_wpcf7_version\" value=\"6.1\" \/><input type=\"hidden\" name=\"_wpcf7_locale\" value=\"es_ES\" \/><input type=\"hidden\" name=\"_wpcf7_unit_tag\" value=\"wpcf7-f190-o1\" \/><input type=\"hidden\" name=\"_wpcf7_container_post\" value=\"0\" \/><input type=\"hidden\" name=\"_wpcf7_posted_data_hash\" value=\"\" \/>\n<\/fieldset>\n<div id=\"responsive-form\" class=\"clearfix\">\n\t<div class=\"form-row\">\n\t\t<div class=\"column-half\">\n\t\t\t<p><span class=\"wpcf7-form-control-wrap\" data-name=\"first-name\"><input size=\"40\" maxlength=\"400\" class=\"wpcf7-form-control wpcf7-text wpcf7-validates-as-required\" aria-required=\"true\" aria-invalid=\"false\" placeholder=\"Nombre*\" value=\"\" type=\"text\" name=\"first-name\" \/><\/span>\n\t\t\t<\/p>\n\t\t<\/div>\n\t\t<div class=\"column-half\">\n\t\t\t<p><span class=\"wpcf7-form-control-wrap\" data-name=\"last-name\"><input size=\"40\" maxlength=\"400\" class=\"wpcf7-form-control wpcf7-text wpcf7-validates-as-required\" aria-required=\"true\" aria-invalid=\"false\" placeholder=\"Apellido\" value=\"\" type=\"text\" name=\"last-name\" \/><\/span>\n\t\t\t<\/p>\n\t\t<\/div>\n\t<\/div>\n\t<div class=\"form-row\">\n\t\t<div class=\"column-half\">\n\t\t\t<p><span class=\"wpcf7-form-control-wrap\" data-name=\"your-phone\"><input size=\"40\" maxlength=\"400\" class=\"wpcf7-form-control wpcf7-text wpcf7-validates-as-required\" aria-required=\"true\" aria-invalid=\"false\" placeholder=\"Tel\u00e9fono\" value=\"\" type=\"text\" name=\"your-phone\" \/><\/span>\n\t\t\t<\/p>\n\t\t<\/div>\n\t\t<div class=\"column-half\">\n\t\t\t<p><span class=\"wpcf7-form-control-wrap\" data-name=\"your-email\"><input size=\"40\" maxlength=\"400\" class=\"wpcf7-form-control wpcf7-email wpcf7-validates-as-required wpcf7-text wpcf7-validates-as-email\" aria-required=\"true\" aria-invalid=\"false\" placeholder=\"Email*\" value=\"\" type=\"email\" name=\"your-email\" \/><\/span>\n\t\t\t<\/p>\n\t\t<\/div>\n\t<\/div>\n\t<div class=\"form-row\">\n\t\t<div class=\"column-full\">\n\t\t\t<p><span class=\"wpcf7-form-control-wrap\" data-name=\"vehiculo\"><select class=\"wpcf7-form-control wpcf7-select wpcf7-validates-as-required\" aria-required=\"true\" aria-invalid=\"false\" name=\"vehiculo\"><option value=\"\">Consulta de producto \u00f3 modelo de inter\u00e9s:<\/option><option value=\"VANS\">VANS<\/option><option value=\"BUSES\">BUSES<\/option><\/select><\/span>\n\t\t\t<\/p>\n\t\t<\/div>\n\t<\/div>\n\t<div class=\"form-row\">\n\t\t<div class=\"column-full\">\n\t\t\t<p><span class=\"wpcf7-form-control-wrap\" data-name=\"your-message\"><textarea cols=\"40\" rows=\"10\" maxlength=\"2000\" class=\"wpcf7-form-control wpcf7-textarea\" aria-invalid=\"false\" placeholder=\"Mensaje\" name=\"your-message\"><\/textarea><\/span>\n\t\t\t<\/p>\n\t\t<\/div>\n\t<\/div>\n\t<div class=\"form-row\">\n\t\t<div class=\"column-full\">\n\t\t\t<p><span class=\"wpcf7-form-control-wrap\" data-name=\"acceptance-176\"><span class=\"wpcf7-form-control wpcf7-acceptance\"><span class=\"wpcf7-list-item\"><label><input type=\"checkbox\" name=\"acceptance-176\" value=\"1\" aria-invalid=\"false\" \/><span class=\"wpcf7-list-item-label\">Acepto el uso y almacenamiento de mis datos<\/span><\/label><\/span><\/span><\/span>\n\t\t\t<\/p>\n\t\t\t<p><br \/>\nDeclaro haber sido informado en los t\u00e9rminos del art. 6 de la Ley 25.326 acerca del car\u00e1cter facultativo de la presente y de la posibilidad de ejercer el derecho de acceso, rectificaci\u00f3n y supresi\u00f3n de los datos antes referidos, as\u00ed como tambi\u00e9n de la finalidad de su tratamiento.<br \/>\nAutorizo y consiento expresamente a ALENCO S.A.I.C. para el procesamiento de datos, y todo ello en los t\u00e9rminos requeridos por el art. 5 de la Ley 25.326 a usar mis datos personales contenidos en la presente a fin de que formulen ofertas publicitarias y remitan informaci\u00f3n comercial de sus bienes y\/o servicios, incluido, pero no limitado a futuras acciones de marketing \/ invitaci\u00f3n a eventos \/ comunicaciones referentes a ofertas de productos y\/o servicios, etc.\n\t\t\t<\/p>\n\t\t<\/div>\n\t<\/div>\n\t<div class=\"form-row\">\n\t\t<div class=\"column-full\">\n\t\t\t<p><input class=\"wpcf7-form-control wpcf7-submit has-spinner\" type=\"submit\" value=\"Enviar\" \/>\n\t\t\t<\/p>\n\t\t<\/div>\n\t<\/div>\n<\/div><div class=\"wpcf7-response-output\" aria-hidden=\"true\"><\/div>\n<\/form>\n<\/div>\n<\/div>\n\t\t\t\t\t\t<\/div>\n\t\t\t\t<\/div>\n\t\t\t\t\t<\/div>\n\t\t\t\t<\/div>\n\t\t\t\t<\/div>\n\t\t","protected":false},"excerpt":{"rendered":"<p>Postventa REPUESTOS Y ACCESORIOS GENUINOS Realizar consulta Ponemos a su disposici\u00f3n el m\u00e1s completo stock de repuestos originales Mercedes Benz. Tanto en ventas mayoristas como a nivel particular, usted encontrar\u00e1 el asesoramiento id\u00f3neo, un trato preferencial y las condiciones comerciales m\u00e1s ventajosas de plaza. Realizamos env\u00edos a todo el pa\u00eds. repuestos@alencosaic.com (011) 6065-3915 (113) 013 [&hellip;]<\/p>\n","protected":false},"author":1,"featured_media":0,"parent":0,"menu_order":0,"comment_status":"closed","ping_status":"closed","template":"elementor_header_footer","meta":{"footnotes":""},"class_list":["post-253","page","type-page","status-publish","hentry"],"_links":{"self":[{"href":"https:\/\/alencosaic.com\/buses\/wp-json\/wp\/v2\/pages\/253","targetHints":{"allow":["GET"]}}],"collection":[{"href":"https:\/\/alencosaic.com\/buses\/wp-json\/wp\/v2\/pages"}],"about":[{"href":"https:\/\/alencosaic.com\/buses\/wp-json\/wp\/v2\/types\/page"}],"author":[{"embeddable":true,"href":"https:\/\/alencosaic.com\/buses\/wp-json\/wp\/v2\/users\/1"}],"replies":[{"embeddable":true,"href":"https:\/\/alencosaic.com\/buses\/wp-json\/wp\/v2\/comments?post=253"}],"version-history":[{"count":31,"href":"https:\/\/alencosaic.com\/buses\/wp-json\/wp\/v2\/pages\/253\/revisions"}],"predecessor-version":[{"id":531,"href":"https:\/\/alencosaic.com\/buses\/wp-json\/wp\/v2\/pages\/253\/revisions\/531"}],"wp:attachment":[{"href":"https:\/\/alencosaic.com\/buses\/wp-json\/wp\/v2\/media?parent=253"}],"curies":[{"name":"wp","href":"https:\/\/api.w.org\/{rel}","templated":true}]}}