{"id":481,"date":"2025-06-03T20:50:06","date_gmt":"2025-06-03T18:50:06","guid":{"rendered":"https:\/\/alencosaic.com\/buses\/?page_id=481"},"modified":"2025-06-17T18:26:52","modified_gmt":"2025-06-17T16:26:52","slug":"politica-de-cookies","status":"publish","type":"page","link":"https:\/\/alencosaic.com\/buses\/politica-de-cookies\/","title":{"rendered":"Politica de Cookies"},"content":{"rendered":"\t\t<div data-elementor-type=\"wp-page\" data-elementor-id=\"481\" class=\"elementor elementor-481\" data-elementor-post-type=\"page\">\n\t\t\t\t<div class=\"elementor-element elementor-element-541d44e e-flex e-con-boxed e-con e-parent\" data-id=\"541d44e\" data-element_type=\"container\">\n\t\t\t\t\t<div class=\"e-con-inner\">\n\t\t<div class=\"elementor-element elementor-element-e1dec2f e-con-full e-flex e-con e-child\" data-id=\"e1dec2f\" data-element_type=\"container\">\n\t\t\t\t<div class=\"elementor-element elementor-element-845ea66 elementor-widget elementor-widget-heading\" data-id=\"845ea66\" data-element_type=\"widget\" data-widget_type=\"heading.default\">\n\t\t\t\t<div class=\"elementor-widget-container\">\n\t\t\t\t\t<h2 class=\"elementor-heading-title elementor-size-default\">Pol\u00edtica de Cookies<\/h2>\t\t\t\t<\/div>\n\t\t\t\t<\/div>\n\t\t\t\t<div class=\"elementor-element elementor-element-e12d710 elementor-widget elementor-widget-text-editor\" data-id=\"e12d710\" data-element_type=\"widget\" data-widget_type=\"text-editor.default\">\n\t\t\t\t<div class=\"elementor-widget-container\">\n\t\t\t\t\t\t\t\t\t<p>\u00a0<\/p><p><strong>Uso previsto:<\/strong><\/p><ol><li>Los DATOS ser\u00e1n tratados por ALENCO S.A.I.C con la finalidad de y\/o para el desarrollo de la relaci\u00f3n de VENTA I PRESTACION DE SERVICIOS de ALENCO S.A.I.C en su car\u00e1cter de concesionario oficial de Mercedes-Benz.<\/li><li>Los DATOS ser\u00e1n almacenados en archivos y\/o registros digitales y\/o electr\u00f3nicos y la base de datos se encuentra localizada en el domicilio de ALENCO S.A.I.C., sito en Av. Amancio Alcorta 2939 de la Ciudad Aut\u00f3noma de Buenos Aires.<\/li><li>Los DATOS son facilitados con car\u00e1cter facultativo teniendo su titular el derecho de no apartarlos. No obstante, de ser imprescindibles, ALENCO S.A.I.C. tendr\u00e1 el derecho de no desarrollar la VENTA \/ PRESTACION DE SERVICIOS.<\/li><li>ALENCO S.A.I.C., en su car\u00e1cter de responsable de dicha base de datos, se obliga a garantizar la confidencialidad, privacidad, seguridad, e integridad de los DATOS.<\/li><li>Usted, como titular de los DATOS, podr\u00e1 ejercer de forma gratuita los derechos de acceso, rectificaci\u00f3n, actualizaci\u00f3n y supresi\u00f3n de sus datos ante ALENCO S.A.I.C. conforme la Ley N\u00b0 25.326, y dem\u00e1s normativa aplicable.<\/li><li>Asimismo, ALENCO S_A.I.C_ podr\u00e1 ceder y\/o compartir y\/o transferir, total y\/o parcialmente, local y\/o internacionalmente, los DATOS con Mercedes-Benz Argentina S.A.U. y\/o Mercedes Benz Camiones y Buses Argentina S.A.U., ambas con domicilio en Sargento Cabral 3770, Edificio II, Complejo Lumina Panamericana, Munro, Vicente L\u00f3pez, Provincia de Buenos Aires.<\/li><\/ol><div>\u00a0<\/div><p><span style=\"font-size: 1rem;\">Argentina, garantizando tambi\u00e9n el derecho gratuito de acceso, rectificaci\u00f3n, actualizaci\u00f3n y supresi\u00f3n de los DATOS.<\/span><\/p><p>ALENCO S.A.I.C. utiliza cookies para poder conocer las preferencias de los visitantes y as\u00ed poder optimizar la presentaci\u00f3n de las p\u00e1ginas web. Las cookies son aquellos archivos que se almacenan temporalmente en su disco duro_ La informaci\u00f3n contenida en las cookies facilita la navegaci\u00f3n y hace posible que el usuario alcance un alto grado de satisfacci\u00f3n al visitar una p\u00e1gina web. Asimismo, las cookies nos ayudan a identificar las secciones m\u00e1s populares de nuestra oferta en Internet. De esta forma podemos adaptar a sus necesidades los contenidos de nuestra p\u00e1gina web de un modo m\u00e1s preciso y, por tanto, mejorar nuestras ofertas para usted. Las cookies tambi\u00e9n resultan \u00fatiles a la hora de averiguar si ya SE ha producido previamente una comunicaci\u00f3n entre su ordenador y nuestra p\u00e1gina.<\/p><p>El Usuaria puede borrar las cookies de su disco duro si as\u00ed lo desea. La mayor\u00eda de los navegadores aceptan las cookies de forma autom\u00e1tica, aunque el Usuario puede cambiar la configuraci\u00f3n de su ordenador para evitar que esto suceda; incluso sin cookies podr\u00e1 usar la mayor parte de los servicios de este Sitio.<\/p><p>Este Sitio web puede utilizar las siguientes cookies:<\/p><ul><li>de sesi\u00f3n: Las cookies de sesi\u00f3n son memorizadas y \u00fanicamente tienen validez temporal, es decir, hasta que el usuario finaliza la navegaci\u00f3n por el Sitio. Estas cookies no graban de forma permanente ninguna informaci\u00f3n en el disco duro del ordenador.<\/li><li>Cookies de navegaci\u00f3n: El objetivo principal de las cookies de navegaci\u00f3n es evitar ofrecerle al Usuario recomendaciones no afines a sus intereses y ofrecerles propuestas comerciales dirigidas y personalizadas. Estas cookies de navegaci\u00f3n basan su utilidad en el seguimiento temporal de la navegaci\u00f3n por Internet. El Usuario tiene la posibilidad de eliminar este tipo de cookies antes de iniciarla navegaci\u00f3n por otras p\u00e1ginas del Sitio.<\/li><li>Cookies estad\u00edsticas: Las cookies estad\u00edsticas permiten conocer la siguiente informaci\u00f3n: cuenta que la deshabilitaci\u00f3n de las mismas podr\u00eda afectar al correcto funcionamiento de determinadas secciones del Sitio<\/li><\/ul><p>Se sugiere al Usuario consultar las instrucciones y manuales de su navegador para ampliar esta informaci\u00f3n.<\/p><p>El Usuario podr\u00e1 pedir a ALENCO S.A.I.C ampliar informaci\u00f3n acerca de las cookies poni\u00e9ndose en contacto con el Centro de Atenci\u00f3n al Cliente: info@alencosaic.com<\/p><ul><li>La forma de interactuar los usuarios en el Sitio.<\/li><li>Elabora informes de tendencias de sitios web sin identificar a usuarios individuales<\/li><li>Recopila informaci\u00f3n de forma an\u00f3nima. Para realizar las estad\u00edsticas de uso del Sitio, ALENCO S.A.I.C utiliza herramientas estad\u00edsticas con un alcance limitado a las funciones descritas en el p\u00e1rrafo anterior y con la finalidad de conocer el nivel de recurrencia de los Visitantes y los contenidos que resultan m\u00e1s interesantes. De esta manera, ALENCO S.A.I.C. puede concentrar sus esfuerzos en mejorar las \u00e1reas m\u00e1s visitadas y hacer que el Usuario encuentre m\u00e1s f\u00e1cilmente lo que busca.<\/li><\/ul><div>\u00a0<\/div><p>Cookies de terceros: En determinadas ocasiones podemos ofrecer a trav\u00e9s de nuestra p\u00e1gina Web contenidos de terceros; en ese caso, dichas cookies escapan del control de ALENCO S.A.I.C.<\/p><p>Y sin perjuicio de lo anterior, el Usuario tiene la posibilidad de configurar su navegador para aceptar o rechazar por defecto todas las cookies o para recibir un aviso en pantalla de la recepci\u00f3n de cada cookie y decidir en ese momento su implantaci\u00f3n o no en su disco duro. Para ello, se sugiere al Usuario visitar la secci\u00f3n de ayuda de su navegador para saber c\u00f3mo cambiar la configuraci\u00f3n que actualmente emplea. Tambi\u00e9n puede utilizar las herramientas de bloquea de cookies de rastreo.<\/p><p>As\u00ed mismo, el Usuario tiene la posibilidad de revocar en cualquier momento el consentimiento restado para la utilizaci\u00f3n de cookies por parte de ALENCO S.A.I.C. configurando para ello su navegador en los t\u00e9rminos previstos en el punto anterior. Sin perjuicio de lo anterior, tenga.<\/p>\t\t\t\t\t\t\t\t<\/div>\n\t\t\t\t<\/div>\n\t\t\t\t<\/div>\n\t\t\t\t\t<\/div>\n\t\t\t\t<\/div>\n\t\t\t\t<\/div>\n\t\t","protected":false},"excerpt":{"rendered":"<p>Pol\u00edtica de Cookies \u00a0 Uso previsto: Los DATOS ser\u00e1n tratados por ALENCO S.A.I.C con la finalidad de y\/o para el desarrollo de la relaci\u00f3n de VENTA I PRESTACION DE SERVICIOS de ALENCO S.A.I.C en su car\u00e1cter de concesionario oficial de Mercedes-Benz. Los DATOS ser\u00e1n almacenados en archivos y\/o registros digitales y\/o electr\u00f3nicos y la base [&hellip;]<\/p>\n","protected":false},"author":1,"featured_media":0,"parent":0,"menu_order":0,"comment_status":"closed","ping_status":"closed","template":"elementor_header_footer","meta":{"footnotes":""},"class_list":["post-481","page","type-page","status-publish","hentry"],"_links":{"self":[{"href":"https:\/\/alencosaic.com\/buses\/wp-json\/wp\/v2\/pages\/481","targetHints":{"allow":["GET"]}}],"collection":[{"href":"https:\/\/alencosaic.com\/buses\/wp-json\/wp\/v2\/pages"}],"about":[{"href":"https:\/\/alencosaic.com\/buses\/wp-json\/wp\/v2\/types\/page"}],"author":[{"embeddable":true,"href":"https:\/\/alencosaic.com\/buses\/wp-json\/wp\/v2\/users\/1"}],"replies":[{"embeddable":true,"href":"https:\/\/alencosaic.com\/buses\/wp-json\/wp\/v2\/comments?post=481"}],"version-history":[{"count":7,"href":"https:\/\/alencosaic.com\/buses\/wp-json\/wp\/v2\/pages\/481\/revisions"}],"predecessor-version":[{"id":1263,"href":"https:\/\/alencosaic.com\/buses\/wp-json\/wp\/v2\/pages\/481\/revisions\/1263"}],"wp:attachment":[{"href":"https:\/\/alencosaic.com\/buses\/wp-json\/wp\/v2\/media?parent=481"}],"curies":[{"name":"wp","href":"https:\/\/api.w.org\/{rel}","templated":true}]}}