{"id":486,"date":"2025-06-03T20:51:22","date_gmt":"2025-06-03T18:51:22","guid":{"rendered":"https:\/\/alencosaic.com\/buses\/?page_id=486"},"modified":"2025-10-09T21:45:49","modified_gmt":"2025-10-09T19:45:49","slug":"proteccion-de-datos","status":"publish","type":"page","link":"https:\/\/alencosaic.com\/buses\/proteccion-de-datos\/","title":{"rendered":"Protecci\u00f3n de datos"},"content":{"rendered":"\t\t<div data-elementor-type=\"wp-page\" data-elementor-id=\"486\" class=\"elementor elementor-486\" data-elementor-post-type=\"page\">\n\t\t\t\t<div class=\"elementor-element elementor-element-37ee01b e-flex e-con-boxed e-con e-parent\" data-id=\"37ee01b\" data-element_type=\"container\">\n\t\t\t\t\t<div class=\"e-con-inner\">\n\t\t<div class=\"elementor-element elementor-element-c3bab1c e-con-full e-flex e-con e-child\" data-id=\"c3bab1c\" data-element_type=\"container\">\n\t\t\t\t<div class=\"elementor-element elementor-element-2c617fb elementor-widget elementor-widget-heading\" data-id=\"2c617fb\" data-element_type=\"widget\" data-widget_type=\"heading.default\">\n\t\t\t\t<div class=\"elementor-widget-container\">\n\t\t\t\t\t<h2 class=\"elementor-heading-title elementor-size-default\">Uso y tratamiento de Datos Personales <\/h2>\t\t\t\t<\/div>\n\t\t\t\t<\/div>\n\t\t\t\t<div class=\"elementor-element elementor-element-6fce770 elementor-widget elementor-widget-text-editor\" data-id=\"6fce770\" data-element_type=\"widget\" data-widget_type=\"text-editor.default\">\n\t\t\t\t<div class=\"elementor-widget-container\">\n\t\t\t\t\t\t\t\t\t<p><strong>(en adelante, los \u00a8DATOS\u00a8)<\/strong><\/p><p>Cuando usted visita nuestras p\u00e1ginas web, memorizamos determinada informaci\u00f3n acerca del navegador y el sistema operativo que utiliza en su dispositivo, la fecha y la hora de su visita, el resultado del intento de acceso (por ejemplo, si ha podido abrir una p\u00e1gina web, o si ha obtenido un aviso de aver\u00eda), el uso de las funciones de la p\u00e1gina web, los t\u00e9rminos de b\u00fasqueda que ha introducido en su caso, la frecuencia con la que abre determinadas p\u00e1ginas web, el nombre de los ficheros solicitados, el volumen de datos transmitido, la p\u00e1gina web desde la que ha accedido a nuestras p\u00e1ginas web y la p\u00e1gina web que visita desde nuestras p\u00e1ginas web, sea haciendo clic en enlaces contenidos en nuestras p\u00e1ginas o especificando directamente el dominio en el campo de entrada de la misma pesta\u00f1a (o bien de la misma ventanilla) de su navegador en la que ha abierto nuestras p\u00e1ginas web.<\/p><p>Uso de Cookies: Utilizamos cookies propias y de terceros para mejorar nuestros servicios_ Si contin\u00faa navegando, consideramos que acepta su uso.<\/p><p><strong>Uso previsto:<\/strong><\/p><ol><li>Los DATOS ser\u00e1n tratados por ALENCO S.A.I.C con la finalidad de y\/o para el desarrollo de la relaci\u00f3n de VENTA I PRESTACION DE SERVICIOS de ALENCO S.A.I.C en su car\u00e1cter de concesionario oficial de Mercedes-Benz.<\/li><li>Los DATOS ser\u00e1n almacenados en archivos y\/o registros digitales y\/o electr\u00f3nicos y la base de datos se encuentra localizada en el domicilio de ALENCO S.A.I.C., sito en Av. Amancio Alcorta 2939 de la Ciudad Aut\u00f3noma de Buenos Aires.<\/li><li>Los DATOS son facilitados con car\u00e1cter facultativo teniendo su titular el derecho de no apartarlos. No obstante, de ser imprescindibles, ALENCO S.A.I.C. tendr\u00e1 el derecho de no desarrollar la VENTA \/ PRESTACION DE SERVICIOS.<\/li><li>ALENCO S.A.I.C., en su car\u00e1cter de responsable de dicha base de datos, se obliga a garantizar la confidencialidad, privacidad, seguridad, e integridad de los DATOS.<\/li><li>Usted, como titular de los DATOS, podr\u00e1 ejercer de forma gratuita los derechos de acceso, rectificaci\u00f3n, actualizaci\u00f3n y supresi\u00f3n de sus datos ante ALENCO S.A.I.C. conforme la Ley N\u00b0 25.326, y dem\u00e1s normativa aplicable.<\/li><li>Asimismo, ALENCO S_A.I.C_ podr\u00e1 ceder y\/o compartir y\/o transferir, total y\/o parcialmente, local y\/o internacionalmente, los DATOS con Mercedes-Benz Argentina S.A.U. y\/o Mercedes Benz Camiones y Buses Argentina S.A.U., ambas con domicilio en Sargento Cabral 3770, Edificio II, Complejo Lumina Panamericana, Munro, Vicente L\u00f3pez, Provincia de Buenos Aires.<\/li><\/ol><div>\u00a0<\/div><div><a href=\"https:\/\/alencosaic.com\/buses\/politica-de-cookies\/\">\u00a0Link a la pol\u00edtica de cookies\u00a0<\/a><\/div>\t\t\t\t\t\t\t\t<\/div>\n\t\t\t\t<\/div>\n\t\t\t\t<\/div>\n\t\t\t\t\t<\/div>\n\t\t\t\t<\/div>\n\t\t\t\t<\/div>\n\t\t","protected":false},"excerpt":{"rendered":"<p>Uso y tratamiento de Datos Personales (en adelante, los \u00a8DATOS\u00a8) Cuando usted visita nuestras p\u00e1ginas web, memorizamos determinada informaci\u00f3n acerca del navegador y el sistema operativo que utiliza en su dispositivo, la fecha y la hora de su visita, el resultado del intento de acceso (por ejemplo, si ha podido abrir una p\u00e1gina web, o [&hellip;]<\/p>\n","protected":false},"author":1,"featured_media":0,"parent":0,"menu_order":0,"comment_status":"closed","ping_status":"closed","template":"elementor_header_footer","meta":{"footnotes":""},"class_list":["post-486","page","type-page","status-publish","hentry"],"_links":{"self":[{"href":"https:\/\/alencosaic.com\/buses\/wp-json\/wp\/v2\/pages\/486","targetHints":{"allow":["GET"]}}],"collection":[{"href":"https:\/\/alencosaic.com\/buses\/wp-json\/wp\/v2\/pages"}],"about":[{"href":"https:\/\/alencosaic.com\/buses\/wp-json\/wp\/v2\/types\/page"}],"author":[{"embeddable":true,"href":"https:\/\/alencosaic.com\/buses\/wp-json\/wp\/v2\/users\/1"}],"replies":[{"embeddable":true,"href":"https:\/\/alencosaic.com\/buses\/wp-json\/wp\/v2\/comments?post=486"}],"version-history":[{"count":7,"href":"https:\/\/alencosaic.com\/buses\/wp-json\/wp\/v2\/pages\/486\/revisions"}],"predecessor-version":[{"id":1739,"href":"https:\/\/alencosaic.com\/buses\/wp-json\/wp\/v2\/pages\/486\/revisions\/1739"}],"wp:attachment":[{"href":"https:\/\/alencosaic.com\/buses\/wp-json\/wp\/v2\/media?parent=486"}],"curies":[{"name":"wp","href":"https:\/\/api.w.org\/{rel}","templated":true}]}}