{"id":493,"date":"2025-06-03T20:54:02","date_gmt":"2025-06-03T18:54:02","guid":{"rendered":"https:\/\/alencosaic.com\/buses\/?page_id=493"},"modified":"2025-06-03T20:55:58","modified_gmt":"2025-06-03T18:55:58","slug":"politica-integrada-de-calidad-y-medio-ambiente","status":"publish","type":"page","link":"https:\/\/alencosaic.com\/buses\/politica-integrada-de-calidad-y-medio-ambiente\/","title":{"rendered":"Politica integrada de calidad y medio ambiente"},"content":{"rendered":"\t\t<div data-elementor-type=\"wp-page\" data-elementor-id=\"493\" class=\"elementor elementor-493\" data-elementor-post-type=\"page\">\n\t\t\t\t<div class=\"elementor-element elementor-element-5211344 e-flex e-con-boxed e-con e-parent\" data-id=\"5211344\" data-element_type=\"container\">\n\t\t\t\t\t<div class=\"e-con-inner\">\n\t\t<div class=\"elementor-element elementor-element-482a35e e-con-full e-flex e-con e-child\" data-id=\"482a35e\" data-element_type=\"container\">\n\t\t\t\t<div class=\"elementor-element elementor-element-e85ed1e elementor-widget elementor-widget-heading\" data-id=\"e85ed1e\" data-element_type=\"widget\" data-widget_type=\"heading.default\">\n\t\t\t\t<div class=\"elementor-widget-container\">\n\t\t\t\t\t<h2 class=\"elementor-heading-title elementor-size-default\">\nPolitica integrada de calidad y medio ambiente<\/h2>\t\t\t\t<\/div>\n\t\t\t\t<\/div>\n\t\t\t\t<div class=\"elementor-element elementor-element-bfd5383 elementor-widget elementor-widget-text-editor\" data-id=\"bfd5383\" data-element_type=\"widget\" data-widget_type=\"text-editor.default\">\n\t\t\t\t<div class=\"elementor-widget-container\">\n\t\t\t\t\t\t\t\t\t<div class=\"col50\"><p>Alenco S.A.I.C. ha definido y hace conocer su pol\u00edtica de calidad y medio ambiente para su Sistema de Gesti\u00f3n Integrado (SGI), la cual est\u00e1 basada en el compromiso de la mejora continua, con el firme prop\u00f3sito de ser un proveedor confiable de veh\u00edculos 0Km, veh\u00edculos usados, repuestos y servicios de postventa, satisfaciendo las necesidades de sus Clientes y los altos est\u00e1ndares exigidos por Mercedes-Benz Argentina S.A.U. y Mercedes- Benz Camiones y Buses Argentina S.A.U.<\/p><p>Esta pol\u00edtica se aplica a la \u201cVenta de veh\u00edculos 0 Km Mercedes Benz para transporte de pasajeros, Servicio de postventa Mercedes Benz para veh\u00edculos comerciales, venta de repuestos Mercedes Benz y venta de veh\u00edculos usados desarrollados en el domicilio sito en Amancio Alcorta 2939 \u2013 Ciudad Aut\u00f3noma de Buenos Aires.\u201d<\/p><p>Asimismo, esta pol\u00edtica se hace extensiva a todas sus partes interesadas.<\/p><\/div><div class=\"col100\"><p>Es pol\u00edtica para Alenco S.A.I.C.:<\/p><div class=\"col50\"><ul class=\"list\"><li>Efectuar servicios con niveles tecnol\u00f3gicos altamente satisfactorios y con una \u00f3ptima calidad, preservando el medio ambiente.<\/li><li>Conservar los Recursos Naturales y su utilizaci\u00f3n en forma racional, como as\u00ed tambi\u00e9n prevenir la contaminaci\u00f3n del Medio Ambiente.<\/li><li>Estrechar la relaci\u00f3n con sus proveedores y clientes, tanto externos como internos.<\/li><li>Cumplir con todas las disposiciones, resoluciones, leyes y normas aplicables.<\/li><li>Atribuir la responsabilidad sobre Calidad y Medio Ambiente a la Direcci\u00f3n de la empresa, y asegurar que todos los que operan en ella sean conscientes de las responsabilidades individuales.<\/li><\/ul><\/div><div class=\"col50\"><ul class=\"list\"><li>Capacitar a su personal en forma continua y brindarles un ambiente de trabajo seguro, ordenado y limpio que aliente a desarrollar las actividades en un \u00e1mbito confortable y propicio para la aplicaci\u00f3n del talento y la creatividad.<\/li><li>Responder a las inquietudes de la comunidad, partes interesadas y autoridades en lo referente a nuestro desempe\u00f1o ambiental.<\/li><li>Mejorar continuamente el desempe\u00f1o en calidad y medio ambiente, conforma a los requisitos del SGI de la Empresa.<\/li><\/ul><div>\u00a0<\/div><\/div><\/div><div class=\"col100\"><p>Esta declaraci\u00f3n de pol\u00edtica est\u00e1 a disposici\u00f3n de todas las personas que operan en Alenco S.A.I.C. y de las partes interesadas.<\/p><p>La organizaci\u00f3n tiene determinado los l\u00edmites y aplicabilidad de su SGI en el presente alcance: Partes Interesadas; Productos y Servicios; Normas de Gesti\u00f3n y Exclusiones.<\/p><p><b>La Direcci\u00f3n\u00a0<\/b><br \/>Revision 9\u00a0 &#8211; 26\/04\/2024<\/p><\/div>\t\t\t\t\t\t\t\t<\/div>\n\t\t\t\t<\/div>\n\t\t\t\t<\/div>\n\t\t\t\t\t<\/div>\n\t\t\t\t<\/div>\n\t\t\t\t<\/div>\n\t\t","protected":false},"excerpt":{"rendered":"<p>Politica integrada de calidad y medio ambiente Alenco S.A.I.C. ha definido y hace conocer su pol\u00edtica de calidad y medio ambiente para su Sistema de Gesti\u00f3n Integrado (SGI), la cual est\u00e1 basada en el compromiso de la mejora continua, con el firme prop\u00f3sito de ser un proveedor confiable de veh\u00edculos 0Km, veh\u00edculos usados, repuestos y [&hellip;]<\/p>\n","protected":false},"author":1,"featured_media":0,"parent":0,"menu_order":0,"comment_status":"closed","ping_status":"closed","template":"elementor_header_footer","meta":{"footnotes":""},"class_list":["post-493","page","type-page","status-publish","hentry"],"_links":{"self":[{"href":"https:\/\/alencosaic.com\/buses\/wp-json\/wp\/v2\/pages\/493","targetHints":{"allow":["GET"]}}],"collection":[{"href":"https:\/\/alencosaic.com\/buses\/wp-json\/wp\/v2\/pages"}],"about":[{"href":"https:\/\/alencosaic.com\/buses\/wp-json\/wp\/v2\/types\/page"}],"author":[{"embeddable":true,"href":"https:\/\/alencosaic.com\/buses\/wp-json\/wp\/v2\/users\/1"}],"replies":[{"embeddable":true,"href":"https:\/\/alencosaic.com\/buses\/wp-json\/wp\/v2\/comments?post=493"}],"version-history":[{"count":10,"href":"https:\/\/alencosaic.com\/buses\/wp-json\/wp\/v2\/pages\/493\/revisions"}],"predecessor-version":[{"id":503,"href":"https:\/\/alencosaic.com\/buses\/wp-json\/wp\/v2\/pages\/493\/revisions\/503"}],"wp:attachment":[{"href":"https:\/\/alencosaic.com\/buses\/wp-json\/wp\/v2\/media?parent=493"}],"curies":[{"name":"wp","href":"https:\/\/api.w.org\/{rel}","templated":true}]}}