{"id":219,"date":"2025-05-15T19:34:21","date_gmt":"2025-05-15T17:34:21","guid":{"rendered":"https:\/\/alencosaic.com\/vans\/?page_id=219"},"modified":"2025-05-15T19:36:02","modified_gmt":"2025-05-15T17:36:02","slug":"mercedes-benz-assistance-24hs","status":"publish","type":"page","link":"https:\/\/alencosaic.com\/vans\/mercedes-benz-assistance-24hs\/","title":{"rendered":"Mercedes-Benz Assistance 24hs"},"content":{"rendered":"\t\t<div data-elementor-type=\"wp-page\" data-elementor-id=\"219\" class=\"elementor elementor-219\" data-elementor-post-type=\"page\">\n\t\t\t\t<div class=\"elementor-element elementor-element-a500f53 e-flex e-con-boxed e-con e-parent\" data-id=\"a500f53\" data-element_type=\"container\" data-settings=\"{&quot;background_background&quot;:&quot;classic&quot;}\">\n\t\t\t\t\t<div class=\"e-con-inner\">\n\t\t<div class=\"elementor-element elementor-element-27a49a4 e-con-full e-flex e-con e-child\" data-id=\"27a49a4\" data-element_type=\"container\">\n\t\t\t\t<div class=\"elementor-element elementor-element-f6cd9ee elementor-widget elementor-widget-heading\" data-id=\"f6cd9ee\" data-element_type=\"widget\" data-widget_type=\"heading.default\">\n\t\t\t\t<div class=\"elementor-widget-container\">\n\t\t\t\t\t<h2 class=\"elementor-heading-title elementor-size-default\">Mercedes-Benz Assistance 24hs.\n<\/h2>\t\t\t\t<\/div>\n\t\t\t\t<\/div>\n\t\t\t\t<\/div>\n\t\t\t\t\t<\/div>\n\t\t\t\t<\/div>\n\t\t<div class=\"elementor-element elementor-element-1c83714 e-flex e-con-boxed e-con e-parent\" data-id=\"1c83714\" data-element_type=\"container\">\n\t\t\t\t\t<div class=\"e-con-inner\">\n\t\t<div class=\"elementor-element elementor-element-7ca1acb e-con-full e-flex e-con e-child\" data-id=\"7ca1acb\" data-element_type=\"container\">\n\t\t\t\t<div class=\"elementor-element elementor-element-cb060f3 elementor-widget elementor-widget-heading\" data-id=\"cb060f3\" data-element_type=\"widget\" data-widget_type=\"heading.default\">\n\t\t\t\t<div class=\"elementor-widget-container\">\n\t\t\t\t\t<h2 class=\"elementor-heading-title elementor-size-default\">Mercedes Benz Assistance 24 hs\n<\/h2>\t\t\t\t<\/div>\n\t\t\t\t<\/div>\n\t\t\t\t<div class=\"elementor-element elementor-element-6ed19c1 elementor-widget elementor-widget-text-editor\" data-id=\"6ed19c1\" data-element_type=\"widget\" data-widget_type=\"text-editor.default\">\n\t\t\t\t<div class=\"elementor-widget-container\">\n\t\t\t\t\t\t\t\t\t<p>Disfrut\u00e1 de la tranquilidad que brinda contar con el servicio de traslado de Mercedes-Benz, disponible las 24 horas del d\u00eda, los 365 d\u00edas del a\u00f1o. Viaj\u00e1 con confianza y cont\u00e1 con nosotros en cualquier momento.<\/p><p>Frente a cualquier eventual problema en la ruta, Mercedes-Benz Assistance 24hs te asiste dentro del pa\u00eds y en pa\u00edses lim\u00edtrofes. Nuestra l\u00ednea de atenci\u00f3n al cliente\u00a0<a href=\"tel:08006662369\">0800 66 MBENZ (62369)<\/a>\u00a0atiende tu llamada y organiza ayuda profesional. Estamos a tu disposici\u00f3n los 365 d\u00edas del a\u00f1o, 7 d\u00edas a la semana, 24 horas al d\u00eda. Nos encargamos de llevar tu van al concesionario oficial Mercedes-Benz m\u00e1s cercano y organizamos tu desplazamiento.<\/p><p><b>Las ventajas de Assistance 24hs:<\/b><\/p><ul class=\"list\"><li><b>Ayuda veloz\u00a0<\/b>en casos de emergencia.<\/li><li><b>Organizaci\u00f3n de las medidas\u00a0<\/b>de asistencia en caso de aver\u00eda.<\/li><li><b>Gesti\u00f3n y coordinaci\u00f3n\u00a0<\/b>de traslado al concesionario m\u00e1s cercano.<\/li><li><b>Soporte\u00a0<\/b>de personal calificado.<\/li><\/ul>\t\t\t\t\t\t\t\t<\/div>\n\t\t\t\t<\/div>\n\t\t\t\t<\/div>\n\t\t\t\t\t<\/div>\n\t\t\t\t<\/div>\n\t\t\t\t<\/div>\n\t\t","protected":false},"excerpt":{"rendered":"<p>Mercedes-Benz Assistance 24hs. Mercedes Benz Assistance 24 hs Disfrut\u00e1 de la tranquilidad que brinda contar con el servicio de traslado de Mercedes-Benz, disponible las 24 horas del d\u00eda, los 365 d\u00edas del a\u00f1o. Viaj\u00e1 con confianza y cont\u00e1 con nosotros en cualquier momento. Frente a cualquier eventual problema en la ruta, Mercedes-Benz Assistance 24hs te [&hellip;]<\/p>\n","protected":false},"author":1,"featured_media":0,"parent":0,"menu_order":0,"comment_status":"closed","ping_status":"closed","template":"elementor_header_footer","meta":{"footnotes":""},"class_list":["post-219","page","type-page","status-publish","hentry"],"_links":{"self":[{"href":"https:\/\/alencosaic.com\/vans\/wp-json\/wp\/v2\/pages\/219","targetHints":{"allow":["GET"]}}],"collection":[{"href":"https:\/\/alencosaic.com\/vans\/wp-json\/wp\/v2\/pages"}],"about":[{"href":"https:\/\/alencosaic.com\/vans\/wp-json\/wp\/v2\/types\/page"}],"author":[{"embeddable":true,"href":"https:\/\/alencosaic.com\/vans\/wp-json\/wp\/v2\/users\/1"}],"replies":[{"embeddable":true,"href":"https:\/\/alencosaic.com\/vans\/wp-json\/wp\/v2\/comments?post=219"}],"version-history":[{"count":4,"href":"https:\/\/alencosaic.com\/vans\/wp-json\/wp\/v2\/pages\/219\/revisions"}],"predecessor-version":[{"id":224,"href":"https:\/\/alencosaic.com\/vans\/wp-json\/wp\/v2\/pages\/219\/revisions\/224"}],"wp:attachment":[{"href":"https:\/\/alencosaic.com\/vans\/wp-json\/wp\/v2\/media?parent=219"}],"curies":[{"name":"wp","href":"https:\/\/api.w.org\/{rel}","templated":true}]}}