{"id":253,"date":"2025-05-15T20:47:49","date_gmt":"2025-05-15T18:47:49","guid":{"rendered":"https:\/\/alencosaic.com\/vans\/?page_id=253"},"modified":"2025-05-15T21:07:09","modified_gmt":"2025-05-15T19:07:09","slug":"garantia","status":"publish","type":"page","link":"https:\/\/alencosaic.com\/vans\/garantia\/","title":{"rendered":"Garant\u00eda"},"content":{"rendered":"\t\t<div data-elementor-type=\"wp-page\" data-elementor-id=\"253\" class=\"elementor elementor-253\" data-elementor-post-type=\"page\">\n\t\t\t\t<div class=\"elementor-element elementor-element-a500f53 e-flex e-con-boxed e-con e-parent\" data-id=\"a500f53\" data-element_type=\"container\" data-settings=\"{&quot;background_background&quot;:&quot;classic&quot;}\">\n\t\t\t\t\t<div class=\"e-con-inner\">\n\t\t<div class=\"elementor-element elementor-element-27a49a4 e-con-full e-flex e-con e-child\" data-id=\"27a49a4\" data-element_type=\"container\">\n\t\t\t\t<div class=\"elementor-element elementor-element-f6cd9ee elementor-widget elementor-widget-heading\" data-id=\"f6cd9ee\" data-element_type=\"widget\" data-widget_type=\"heading.default\">\n\t\t\t\t<div class=\"elementor-widget-container\">\n\t\t\t\t\t<h2 class=\"elementor-heading-title elementor-size-default\">Garant\u00eda comercial<br>\nMercedes-Benz<\/h2>\t\t\t\t<\/div>\n\t\t\t\t<\/div>\n\t\t\t\t<\/div>\n\t\t\t\t\t<\/div>\n\t\t\t\t<\/div>\n\t\t<div class=\"elementor-element elementor-element-1c83714 e-flex e-con-boxed e-con e-parent\" data-id=\"1c83714\" data-element_type=\"container\">\n\t\t\t\t\t<div class=\"e-con-inner\">\n\t\t<div class=\"elementor-element elementor-element-7ca1acb e-con-full e-flex e-con e-child\" data-id=\"7ca1acb\" data-element_type=\"container\">\n\t\t\t\t<div class=\"elementor-element elementor-element-cb060f3 elementor-widget elementor-widget-heading\" data-id=\"cb060f3\" data-element_type=\"widget\" data-widget_type=\"heading.default\">\n\t\t\t\t<div class=\"elementor-widget-container\">\n\t\t\t\t\t<h2 class=\"elementor-heading-title elementor-size-default\">Garant\u00edas de veh\u00edculos\n<\/h2>\t\t\t\t<\/div>\n\t\t\t\t<\/div>\n\t\t\t\t<div class=\"elementor-element elementor-element-6ed19c1 elementor-widget elementor-widget-text-editor\" data-id=\"6ed19c1\" data-element_type=\"widget\" data-widget_type=\"text-editor.default\">\n\t\t\t\t<div class=\"elementor-widget-container\">\n\t\t\t\t\t\t\t\t\t<p>Sprinter \u2013 3 a\u00f1os sin l\u00edmite de kilometraje, en los t\u00e9rminos de las condiciones de Garant\u00eda que se entregan con el veh\u00edculo.<\/p><p>Vito \u2013 1 a\u00f1o sin l\u00edmite de kilometraje, en los t\u00e9rminos de las condiciones de Garant\u00eda que se entregan con el veh\u00edculo.<\/p>\t\t\t\t\t\t\t\t<\/div>\n\t\t\t\t<\/div>\n\t\t\t\t<div class=\"elementor-element elementor-element-0f26a32 elementor-widget elementor-widget-heading\" data-id=\"0f26a32\" data-element_type=\"widget\" data-widget_type=\"heading.default\">\n\t\t\t\t<div class=\"elementor-widget-container\">\n\t\t\t\t\t<h2 class=\"elementor-heading-title elementor-size-default\">Garant\u00eda de piezas originales\n<\/h2>\t\t\t\t<\/div>\n\t\t\t\t<\/div>\n\t\t\t\t<div class=\"elementor-element elementor-element-86c986b elementor-widget elementor-widget-text-editor\" data-id=\"86c986b\" data-element_type=\"widget\" data-widget_type=\"text-editor.default\">\n\t\t\t\t<div class=\"elementor-widget-container\">\n\t\t\t\t\t\t\t\t\t<p>Cuando la pieza averiada hubiera sido abonada por Mercedes-Benz Argentina: la garant\u00eda de la pieza caduca al finalizar la cobertura de Garant\u00eda de producto.<\/p><p>Cuando el cliente hubiera abonado la pieza y esta hubiera sido montada en un CE\/TA oficial: la garant\u00eda de la pieza es de 12 meses o 50.000 km, lo que ocurra primero.<\/p><p>Piezas vendidas en mostrador: 6 meses, a partir de la fecha de adquisici\u00f3n del producto .<\/p><p>La validez de la garant\u00eda de una unidad comercializada dentro del territorio nacional rige s\u00f3lo dentro de los l\u00edmites de la Rep\u00fablica Argentina.<\/p>\t\t\t\t\t\t\t\t<\/div>\n\t\t\t\t<\/div>\n\t\t\t\t<\/div>\n\t\t\t\t\t<\/div>\n\t\t\t\t<\/div>\n\t\t\t\t<\/div>\n\t\t","protected":false},"excerpt":{"rendered":"<p>Garant\u00eda comercial Mercedes-Benz Garant\u00edas de veh\u00edculos Sprinter \u2013 3 a\u00f1os sin l\u00edmite de kilometraje, en los t\u00e9rminos de las condiciones de Garant\u00eda que se entregan con el veh\u00edculo. Vito \u2013 1 a\u00f1o sin l\u00edmite de kilometraje, en los t\u00e9rminos de las condiciones de Garant\u00eda que se entregan con el veh\u00edculo. Garant\u00eda de piezas originales Cuando [&hellip;]<\/p>\n","protected":false},"author":1,"featured_media":0,"parent":0,"menu_order":0,"comment_status":"closed","ping_status":"closed","template":"elementor_header_footer","meta":{"footnotes":""},"class_list":["post-253","page","type-page","status-publish","hentry"],"_links":{"self":[{"href":"https:\/\/alencosaic.com\/vans\/wp-json\/wp\/v2\/pages\/253","targetHints":{"allow":["GET"]}}],"collection":[{"href":"https:\/\/alencosaic.com\/vans\/wp-json\/wp\/v2\/pages"}],"about":[{"href":"https:\/\/alencosaic.com\/vans\/wp-json\/wp\/v2\/types\/page"}],"author":[{"embeddable":true,"href":"https:\/\/alencosaic.com\/vans\/wp-json\/wp\/v2\/users\/1"}],"replies":[{"embeddable":true,"href":"https:\/\/alencosaic.com\/vans\/wp-json\/wp\/v2\/comments?post=253"}],"version-history":[{"count":16,"href":"https:\/\/alencosaic.com\/vans\/wp-json\/wp\/v2\/pages\/253\/revisions"}],"predecessor-version":[{"id":297,"href":"https:\/\/alencosaic.com\/vans\/wp-json\/wp\/v2\/pages\/253\/revisions\/297"}],"wp:attachment":[{"href":"https:\/\/alencosaic.com\/vans\/wp-json\/wp\/v2\/media?parent=253"}],"curies":[{"name":"wp","href":"https:\/\/api.w.org\/{rel}","templated":true}]}}