{"id":555,"date":"2025-05-21T21:58:27","date_gmt":"2025-05-21T19:58:27","guid":{"rendered":"https:\/\/alencosaic.com\/vans\/?page_id=555"},"modified":"2025-06-25T19:49:43","modified_gmt":"2025-06-25T17:49:43","slug":"politica-de-cookies","status":"publish","type":"page","link":"https:\/\/alencosaic.com\/vans\/politica-de-cookies\/","title":{"rendered":"Pol\u00edtica de cookies"},"content":{"rendered":"\t\t<div data-elementor-type=\"wp-page\" data-elementor-id=\"555\" class=\"elementor elementor-555\" data-elementor-post-type=\"page\">\n\t\t\t\t<div class=\"elementor-element elementor-element-5bc492c e-flex e-con-boxed e-con e-parent\" data-id=\"5bc492c\" data-element_type=\"container\">\n\t\t\t\t\t<div class=\"e-con-inner\">\n\t\t<div class=\"elementor-element elementor-element-16120d6 e-con-full e-flex e-con e-child\" data-id=\"16120d6\" data-element_type=\"container\">\n\t\t\t\t<div class=\"elementor-element elementor-element-1f85b2a elementor-widget elementor-widget-heading\" data-id=\"1f85b2a\" data-element_type=\"widget\" data-widget_type=\"heading.default\">\n\t\t\t\t<div class=\"elementor-widget-container\">\n\t\t\t\t\t<h2 class=\"elementor-heading-title elementor-size-default\">Pol\u00edtica de Cookies<\/h2>\t\t\t\t<\/div>\n\t\t\t\t<\/div>\n\t\t\t\t<div class=\"elementor-element elementor-element-c181819 elementor-widget elementor-widget-text-editor\" data-id=\"c181819\" data-element_type=\"widget\" data-widget_type=\"text-editor.default\">\n\t\t\t\t<div class=\"elementor-widget-container\">\n\t\t\t\t\t\t\t\t\t<p data-start=\"161\" data-end=\"983\">ALENCO S.A.I.C. utiliza cookies para poder conocer las preferencias de los visitantes y as\u00ed poder optimizar la presentaci\u00f3n de las p\u00e1ginas web. Las cookies son peque\u00f1os archivos que se almacenan temporalmente en su disco duro. La informaci\u00f3n contenida en las cookies facilita la navegaci\u00f3n y hace posible que el usuario alcance un alto grado de satisfacci\u00f3n al visitar una p\u00e1gina web. Asimismo, las cookies nos ayudan a identificar las secciones m\u00e1s populares de nuestra oferta en Internet. De esta forma podemos adaptar a sus necesidades los contenidos de nuestra p\u00e1gina web de un modo m\u00e1s preciso y, por tanto, mejorar nuestras ofertas para usted. Las cookies tambi\u00e9n resultan \u00fatiles a la hora de averiguar si ya se ha producido previamente una comunicaci\u00f3n entre su ordenador y nuestra p\u00e1gina.<\/p><p data-start=\"985\" data-end=\"1297\">El Usuario puede borrar las cookies de su disco duro si as\u00ed lo desea. La mayor\u00eda de los navegadores aceptan las cookies de forma autom\u00e1tica, aunque el Usuario puede cambiar la configuraci\u00f3n de su ordenador para evitar que esto suceda; incluso sin cookies podr\u00e1 usar la mayor parte de los servicios de este Sitio.<\/p><p data-start=\"1299\" data-end=\"2997\">Este Sitio web puede utilizar las siguientes cookies:<\/p><ul><li data-start=\"1299\" data-end=\"2997\"><strong data-start=\"1357\" data-end=\"1378\">Cookies de sesi\u00f3n<\/strong>: Las cookies de sesi\u00f3n son memorizadas y \u00fanicamente tienen validez temporal, es decir, hasta que el usuario finaliza la navegaci\u00f3n por el Sitio. Estas cookies no graban de forma permanente ninguna informaci\u00f3n en el disco duro del ordenador.<\/li><li data-start=\"1299\" data-end=\"2997\"><strong data-start=\"1624\" data-end=\"1649\">Cookies de navegaci\u00f3n<\/strong>: El objetivo principal de las cookies de navegaci\u00f3n es evitar ofrecerle al Usuario recomendaciones no afines a sus intereses y ofrecerles propuestas comerciales dirigidas y personalizadas. Estas cookies de navegaci\u00f3n basan su utilidad en el seguimiento temporal de la navegaci\u00f3n por Internet. El Usuario tiene la posibilidad de eliminar este tipo de cookies antes de iniciar la navegaci\u00f3n por otras p\u00e1ginas del Sitio.<\/li><li data-start=\"1299\" data-end=\"2997\"><strong data-start=\"2072\" data-end=\"2096\">Cookies estad\u00edsticas<\/strong>: Las cookies estad\u00edsticas permiten conocer la siguiente informaci\u00f3n:<br data-start=\"2165\" data-end=\"2168\" \/>\u2013 La forma de interactuar los usuarios en el Sitio.<br data-start=\"2219\" data-end=\"2222\" \/>\u2013 Elabora informes de tendencias de sitios web sin identificar a usuarios individuales.<br data-start=\"2309\" data-end=\"2312\" \/>\u2013 Recopila informaci\u00f3n de forma an\u00f3nima. Para realizar las estad\u00edsticas de uso del Sitio, ALENCO S.A.I.C. utiliza herramientas estad\u00edsticas con un alcance limitado a las funciones descritas en el p\u00e1rrafo anterior y con la finalidad de conocer el nivel de recurrencia de los Visitantes y los contenidos que resultan m\u00e1s interesantes. De esta manera, ALENCO S.A.I.C. puede concentrar sus esfuerzos en mejorar las \u00e1reas m\u00e1s visitadas y hacer que el Usuario encuentre m\u00e1s f\u00e1cilmente lo que busca.<\/li><li data-start=\"1299\" data-end=\"2997\"><strong data-start=\"2809\" data-end=\"2832\">Cookies de terceros<\/strong>: En determinadas ocasiones podemos ofrecer a trav\u00e9s de nuestra p\u00e1gina Web contenidos de terceros; en ese caso, dichas cookies escapan del control de ALENCO S.A.I.C.<\/li><\/ul><p data-start=\"2999\" data-end=\"3488\">Sin perjuicio de lo anterior, el Usuario tiene la posibilidad de configurar su navegador para aceptar o rechazar por defecto todas las cookies o para recibir un aviso en pantalla de la recepci\u00f3n de cada cookie y decidir en ese momento su implantaci\u00f3n o no en su disco duro. Para ello, se sugiere al Usuario visitar la secci\u00f3n de ayuda de su navegador para saber c\u00f3mo cambiar la configuraci\u00f3n que actualmente emplea. Tambi\u00e9n puede utilizar las herramientas de bloqueo de cookies de rastreo.<\/p><p data-start=\"3490\" data-end=\"3897\">Asimismo, el Usuario tiene la posibilidad de revocar en cualquier momento el consentimiento prestado para la utilizaci\u00f3n de cookies por parte de ALENCO S.A.I.C., configurando para ello su navegador en los t\u00e9rminos previstos en el punto anterior. Sin perjuicio de lo anterior, tenga en cuenta que la deshabilitaci\u00f3n de las mismas podr\u00eda afectar al correcto funcionamiento de determinadas secciones del Sitio.<\/p><p data-start=\"3899\" data-end=\"4172\">Se sugiere al Usuario consultar las instrucciones y manuales de su navegador para ampliar esta informaci\u00f3n.<br data-start=\"4006\" data-end=\"4009\" \/>El Usuario podr\u00e1 pedir a ALENCO S.A.I.C. ampliar informaci\u00f3n acerca de las cookies poni\u00e9ndose en contacto con el Centro de Atenci\u00f3n al Cliente: info@alencosaic.com<\/p><p data-start=\"4174\" data-end=\"4220\">La Direcci\u00f3n<br data-start=\"4190\" data-end=\"4193\" \/>Revisi\u00f3n 3 \u2013 29\/04\/2025<\/p><div>\u00a0<\/div>\t\t\t\t\t\t\t\t<\/div>\n\t\t\t\t<\/div>\n\t\t\t\t<\/div>\n\t\t\t\t\t<\/div>\n\t\t\t\t<\/div>\n\t\t<div class=\"elementor-element elementor-element-1d15cd3 e-flex e-con-boxed e-con e-parent\" data-id=\"1d15cd3\" data-element_type=\"container\">\n\t\t\t\t\t<div class=\"e-con-inner\">\n\t\t<a class=\"elementor-element elementor-element-129d5bb e-con-full boxfoot e-flex e-con e-child\" data-id=\"129d5bb\" data-element_type=\"container\" data-settings=\"{&quot;background_background&quot;:&quot;classic&quot;}\" href=\"https:\/\/alencosaic.com\/vans\/contacto\/\">\n\t\t\t\t<div class=\"elementor-element elementor-element-dffe29a elementor-position-left elementor-vertical-align-middle elementor-mobile-position-left elementor-vertical-align-middle elementor-widget-mobile__width-initial elementor-view-default elementor-widget elementor-widget-icon-box\" data-id=\"dffe29a\" data-element_type=\"widget\" data-widget_type=\"icon-box.default\">\n\t\t\t\t<div class=\"elementor-widget-container\">\n\t\t\t\t\t\t\t<div class=\"elementor-icon-box-wrapper\">\n\n\t\t\t\t\t\t<div class=\"elementor-icon-box-icon\">\n\t\t\t\t<span  class=\"elementor-icon\">\n\t\t\t\t<svg aria-hidden=\"true\" class=\"e-font-icon-svg e-fas-phone-alt\" viewBox=\"0 0 512 512\" xmlns=\"http:\/\/www.w3.org\/2000\/svg\"><path d=\"M497.39 361.8l-112-48a24 24 0 0 0-28 6.9l-49.6 60.6A370.66 370.66 0 0 1 130.6 204.11l60.6-49.6a23.94 23.94 0 0 0 6.9-28l-48-112A24.16 24.16 0 0 0 122.6.61l-104 24A24 24 0 0 0 0 48c0 256.5 207.9 464 464 464a24 24 0 0 0 23.4-18.6l24-104a24.29 24.29 0 0 0-14.01-27.6z\"><\/path><\/svg>\t\t\t\t<\/span>\n\t\t\t<\/div>\n\t\t\t\n\t\t\t\t\t\t<div class=\"elementor-icon-box-content\">\n\n\t\t\t\t\t\t\t\t\t<h3 class=\"elementor-icon-box-title\">\n\t\t\t\t\t\t<span  >\n\t\t\t\t\t\t\tContacto \t\t\t\t\t\t<\/span>\n\t\t\t\t\t<\/h3>\n\t\t\t\t\n\t\t\t\t\t\t\t\t\t<p class=\"elementor-icon-box-description\">\n\t\t\t\t\t\tComunicate con nosotros por diferentes v\u00edas.\t\t\t\t\t<\/p>\n\t\t\t\t\n\t\t\t<\/div>\n\t\t\t\n\t\t<\/div>\n\t\t\t\t\t\t<\/div>\n\t\t\t\t<\/div>\n\t\t\t\t<div class=\"elementor-element elementor-element-ac15c6c arrowbox elementor-view-default elementor-widget elementor-widget-icon\" data-id=\"ac15c6c\" data-element_type=\"widget\" data-widget_type=\"icon.default\">\n\t\t\t\t<div class=\"elementor-widget-container\">\n\t\t\t\t\t\t\t<div class=\"elementor-icon-wrapper\">\n\t\t\t<div class=\"elementor-icon\">\n\t\t\t<svg aria-hidden=\"true\" class=\"e-font-icon-svg e-fas-arrow-right\" viewBox=\"0 0 448 512\" xmlns=\"http:\/\/www.w3.org\/2000\/svg\"><path d=\"M190.5 66.9l22.2-22.2c9.4-9.4 24.6-9.4 33.9 0L441 239c9.4 9.4 9.4 24.6 0 33.9L246.6 467.3c-9.4 9.4-24.6 9.4-33.9 0l-22.2-22.2c-9.5-9.5-9.3-25 .4-34.3L311.4 296H24c-13.3 0-24-10.7-24-24v-32c0-13.3 10.7-24 24-24h287.4L190.9 101.2c-9.8-9.3-10-24.8-.4-34.3z\"><\/path><\/svg>\t\t\t<\/div>\n\t\t<\/div>\n\t\t\t\t\t\t<\/div>\n\t\t\t\t<\/div>\n\t\t\t\t<\/a>\n\t\t<a class=\"elementor-element elementor-element-8024ebe e-con-full boxfoot e-flex e-con e-child\" data-id=\"8024ebe\" data-element_type=\"container\" data-settings=\"{&quot;background_background&quot;:&quot;classic&quot;}\" href=\"https:\/\/alencosaic.com\/vans\/sucursal\/\">\n\t\t\t\t<div class=\"elementor-element elementor-element-211d0e1 elementor-position-left elementor-vertical-align-middle elementor-mobile-position-left elementor-vertical-align-middle elementor-widget-mobile__width-initial elementor-view-default elementor-widget elementor-widget-icon-box\" data-id=\"211d0e1\" data-element_type=\"widget\" data-widget_type=\"icon-box.default\">\n\t\t\t\t<div class=\"elementor-widget-container\">\n\t\t\t\t\t\t\t<div class=\"elementor-icon-box-wrapper\">\n\n\t\t\t\t\t\t<div class=\"elementor-icon-box-icon\">\n\t\t\t\t<span  class=\"elementor-icon\">\n\t\t\t\t<svg aria-hidden=\"true\" class=\"e-font-icon-svg e-fas-users\" viewBox=\"0 0 640 512\" xmlns=\"http:\/\/www.w3.org\/2000\/svg\"><path d=\"M96 224c35.3 0 64-28.7 64-64s-28.7-64-64-64-64 28.7-64 64 28.7 64 64 64zm448 0c35.3 0 64-28.7 64-64s-28.7-64-64-64-64 28.7-64 64 28.7 64 64 64zm32 32h-64c-17.6 0-33.5 7.1-45.1 18.6 40.3 22.1 68.9 62 75.1 109.4h66c17.7 0 32-14.3 32-32v-32c0-35.3-28.7-64-64-64zm-256 0c61.9 0 112-50.1 112-112S381.9 32 320 32 208 82.1 208 144s50.1 112 112 112zm76.8 32h-8.3c-20.8 10-43.9 16-68.5 16s-47.6-6-68.5-16h-8.3C179.6 288 128 339.6 128 403.2V432c0 26.5 21.5 48 48 48h288c26.5 0 48-21.5 48-48v-28.8c0-63.6-51.6-115.2-115.2-115.2zm-223.7-13.4C161.5 263.1 145.6 256 128 256H64c-35.3 0-64 28.7-64 64v32c0 17.7 14.3 32 32 32h65.9c6.3-47.4 34.9-87.3 75.2-109.4z\"><\/path><\/svg>\t\t\t\t<\/span>\n\t\t\t<\/div>\n\t\t\t\n\t\t\t\t\t\t<div class=\"elementor-icon-box-content\">\n\n\t\t\t\t\t\t\t\t\t<h3 class=\"elementor-icon-box-title\">\n\t\t\t\t\t\t<span  >\n\t\t\t\t\t\t\tSucursal\t\t\t\t\t\t<\/span>\n\t\t\t\t\t<\/h3>\n\t\t\t\t\n\t\t\t\t\t\t\t\t\t<p class=\"elementor-icon-box-description\">\n\t\t\t\t\t\tTe esperamos en nuestra sucursal.\t\t\t\t\t<\/p>\n\t\t\t\t\n\t\t\t<\/div>\n\t\t\t\n\t\t<\/div>\n\t\t\t\t\t\t<\/div>\n\t\t\t\t<\/div>\n\t\t\t\t<div class=\"elementor-element elementor-element-f12ac6a arrowbox elementor-view-default elementor-widget elementor-widget-icon\" data-id=\"f12ac6a\" data-element_type=\"widget\" data-widget_type=\"icon.default\">\n\t\t\t\t<div class=\"elementor-widget-container\">\n\t\t\t\t\t\t\t<div class=\"elementor-icon-wrapper\">\n\t\t\t<div class=\"elementor-icon\">\n\t\t\t<svg aria-hidden=\"true\" class=\"e-font-icon-svg e-fas-arrow-right\" viewBox=\"0 0 448 512\" xmlns=\"http:\/\/www.w3.org\/2000\/svg\"><path d=\"M190.5 66.9l22.2-22.2c9.4-9.4 24.6-9.4 33.9 0L441 239c9.4 9.4 9.4 24.6 0 33.9L246.6 467.3c-9.4 9.4-24.6 9.4-33.9 0l-22.2-22.2c-9.5-9.5-9.3-25 .4-34.3L311.4 296H24c-13.3 0-24-10.7-24-24v-32c0-13.3 10.7-24 24-24h287.4L190.9 101.2c-9.8-9.3-10-24.8-.4-34.3z\"><\/path><\/svg>\t\t\t<\/div>\n\t\t<\/div>\n\t\t\t\t\t\t<\/div>\n\t\t\t\t<\/div>\n\t\t\t\t<\/a>\n\t\t\t\t\t<\/div>\n\t\t\t\t<\/div>\n\t\t\t\t<\/div>\n\t\t","protected":false},"excerpt":{"rendered":"<p>Pol\u00edtica de Cookies ALENCO S.A.I.C. utiliza cookies para poder conocer las preferencias de los visitantes y as\u00ed poder optimizar la presentaci\u00f3n de las p\u00e1ginas web. Las cookies son peque\u00f1os archivos que se almacenan temporalmente en su disco duro. La informaci\u00f3n contenida en las cookies facilita la navegaci\u00f3n y hace posible que el usuario alcance un [&hellip;]<\/p>\n","protected":false},"author":1,"featured_media":0,"parent":0,"menu_order":0,"comment_status":"closed","ping_status":"closed","template":"elementor_header_footer","meta":{"footnotes":""},"class_list":["post-555","page","type-page","status-publish","hentry"],"_links":{"self":[{"href":"https:\/\/alencosaic.com\/vans\/wp-json\/wp\/v2\/pages\/555","targetHints":{"allow":["GET"]}}],"collection":[{"href":"https:\/\/alencosaic.com\/vans\/wp-json\/wp\/v2\/pages"}],"about":[{"href":"https:\/\/alencosaic.com\/vans\/wp-json\/wp\/v2\/types\/page"}],"author":[{"embeddable":true,"href":"https:\/\/alencosaic.com\/vans\/wp-json\/wp\/v2\/users\/1"}],"replies":[{"embeddable":true,"href":"https:\/\/alencosaic.com\/vans\/wp-json\/wp\/v2\/comments?post=555"}],"version-history":[{"count":10,"href":"https:\/\/alencosaic.com\/vans\/wp-json\/wp\/v2\/pages\/555\/revisions"}],"predecessor-version":[{"id":716,"href":"https:\/\/alencosaic.com\/vans\/wp-json\/wp\/v2\/pages\/555\/revisions\/716"}],"wp:attachment":[{"href":"https:\/\/alencosaic.com\/vans\/wp-json\/wp\/v2\/media?parent=555"}],"curies":[{"name":"wp","href":"https:\/\/api.w.org\/{rel}","templated":true}]}}