{"id":566,"date":"2025-05-21T22:00:29","date_gmt":"2025-05-21T20:00:29","guid":{"rendered":"https:\/\/alencosaic.com\/vans\/?page_id=566"},"modified":"2025-10-09T21:44:35","modified_gmt":"2025-10-09T19:44:35","slug":"proteccion-de-datos","status":"publish","type":"page","link":"https:\/\/alencosaic.com\/vans\/proteccion-de-datos\/","title":{"rendered":"Protecci\u00f3n de datos"},"content":{"rendered":"\t\t<div data-elementor-type=\"wp-page\" data-elementor-id=\"566\" class=\"elementor elementor-566\" data-elementor-post-type=\"page\">\n\t\t\t\t<div class=\"elementor-element elementor-element-8c16bd3 e-flex e-con-boxed e-con e-parent\" data-id=\"8c16bd3\" data-element_type=\"container\">\n\t\t\t\t\t<div class=\"e-con-inner\">\n\t\t<div class=\"elementor-element elementor-element-221412b e-con-full e-flex e-con e-child\" data-id=\"221412b\" data-element_type=\"container\">\n\t\t\t\t<div class=\"elementor-element elementor-element-d0639ef elementor-widget elementor-widget-heading\" data-id=\"d0639ef\" data-element_type=\"widget\" data-widget_type=\"heading.default\">\n\t\t\t\t<div class=\"elementor-widget-container\">\n\t\t\t\t\t<h2 class=\"elementor-heading-title elementor-size-default\">Uso y tratamiento de Datos Personales <\/h2>\t\t\t\t<\/div>\n\t\t\t\t<\/div>\n\t\t\t\t<div class=\"elementor-element elementor-element-4c0c317 elementor-widget elementor-widget-text-editor\" data-id=\"4c0c317\" data-element_type=\"widget\" data-widget_type=\"text-editor.default\">\n\t\t\t\t<div class=\"elementor-widget-container\">\n\t\t\t\t\t\t\t\t\t<p><strong>(en adelante, los \u00a8DATOS\u00a8)<\/strong><\/p><p>Cuando usted visita nuestras p\u00e1ginas web, memorizamos determinada informaci\u00f3n acerca del navegador y el sistema operativo que utiliza en su dispositivo, la fecha y la hora de su visita, el resultado del intento de acceso (por ejemplo, si ha podido abrir una p\u00e1gina web, o si ha obtenido un aviso de aver\u00eda), el uso de las funciones de la p\u00e1gina web, los t\u00e9rminos de b\u00fasqueda que ha introducido en su caso, la frecuencia con la que abre determinadas p\u00e1ginas web, el nombre de los ficheros solicitados, el volumen de datos transmitido, la p\u00e1gina web desde la que ha accedido a nuestras p\u00e1ginas web y la p\u00e1gina web que visita desde nuestras p\u00e1ginas web, sea haciendo clic en enlaces contenidos en nuestras p\u00e1ginas o especificando directamente el dominio en el campo de entrada de la misma pesta\u00f1a (o bien de la misma ventanilla) de su navegador en la que ha abierto nuestras p\u00e1ginas web.<\/p><p>Uso de Cookies: Utilizamos cookies propias y de terceros para mejorar nuestros servicios_ Si contin\u00faa navegando, consideramos que acepta su uso.<\/p><p><strong>Uso previsto:<\/strong><\/p><ol><li>Los DATOS ser\u00e1n tratados por ALENCO S.A.I.C con la finalidad de y\/o para el desarrollo de la relaci\u00f3n de VENTA I PRESTACION DE SERVICIOS de ALENCO S.A.I.C en su car\u00e1cter de concesionario oficial de Mercedes-Benz.<\/li><li>Los DATOS ser\u00e1n almacenados en archivos y\/o registros digitales y\/o electr\u00f3nicos y la base de datos se encuentra localizada en el domicilio de ALENCO S.A.I.C., sito en Av. Amancio Alcorta 2939 de la Ciudad Aut\u00f3noma de Buenos Aires.<\/li><li>Los DATOS son facilitados con car\u00e1cter facultativo teniendo su titular el derecho de no apartarlos. No obstante, de ser imprescindibles, ALENCO S.A.I.C. tendr\u00e1 el derecho de no desarrollar la VENTA \/ PRESTACION DE SERVICIOS.<\/li><li>ALENCO S.A.I.C., en su car\u00e1cter de responsable de dicha base de datos, se obliga a garantizar la confidencialidad, privacidad, seguridad, e integridad de los DATOS.<\/li><li>Usted, como titular de los DATOS, podr\u00e1 ejercer de forma gratuita los derechos de acceso, rectificaci\u00f3n, actualizaci\u00f3n y supresi\u00f3n de sus datos ante ALENCO S.A.I.C. conforme la Ley N\u00b0 25.326, y dem\u00e1s normativa aplicable.<\/li><li>Asimismo, ALENCO S_A.I.C_ podr\u00e1 ceder y\/o compartir y\/o transferir, total y\/o parcialmente, local y\/o internacionalmente, los DATOS con Mercedes-Benz Argentina S.A.U. y\/o Mercedes Benz Camiones y Buses Argentina S.A.U., ambas con domicilio en Sargento Cabral 3770, Edificio II, Complejo Lumina Panamericana, Munro, Vicente L\u00f3pez, Provincia de Buenos Aires.<\/li><\/ol><div>\u00a0<\/div><div><a href=\"https:\/\/alencosaic.com\/vans\/politica-de-cookies\/\">\u00a0Link a la pol\u00edtica de cookies\u00a0<\/a><\/div>\t\t\t\t\t\t\t\t<\/div>\n\t\t\t\t<\/div>\n\t\t\t\t<\/div>\n\t\t\t\t\t<\/div>\n\t\t\t\t<\/div>\n\t\t<div class=\"elementor-element elementor-element-1d15cd3 e-flex e-con-boxed e-con e-parent\" data-id=\"1d15cd3\" data-element_type=\"container\">\n\t\t\t\t\t<div class=\"e-con-inner\">\n\t\t<a class=\"elementor-element elementor-element-129d5bb e-con-full boxfoot e-flex e-con e-child\" data-id=\"129d5bb\" data-element_type=\"container\" data-settings=\"{&quot;background_background&quot;:&quot;classic&quot;}\" href=\"https:\/\/alencosaic.com\/vans\/contacto\/\">\n\t\t\t\t<div class=\"elementor-element elementor-element-dffe29a elementor-position-left elementor-vertical-align-middle elementor-mobile-position-left elementor-vertical-align-middle elementor-widget-mobile__width-initial elementor-view-default elementor-widget elementor-widget-icon-box\" data-id=\"dffe29a\" data-element_type=\"widget\" data-widget_type=\"icon-box.default\">\n\t\t\t\t<div class=\"elementor-widget-container\">\n\t\t\t\t\t\t\t<div class=\"elementor-icon-box-wrapper\">\n\n\t\t\t\t\t\t<div class=\"elementor-icon-box-icon\">\n\t\t\t\t<span  class=\"elementor-icon\">\n\t\t\t\t<svg aria-hidden=\"true\" class=\"e-font-icon-svg e-fas-phone-alt\" viewBox=\"0 0 512 512\" xmlns=\"http:\/\/www.w3.org\/2000\/svg\"><path d=\"M497.39 361.8l-112-48a24 24 0 0 0-28 6.9l-49.6 60.6A370.66 370.66 0 0 1 130.6 204.11l60.6-49.6a23.94 23.94 0 0 0 6.9-28l-48-112A24.16 24.16 0 0 0 122.6.61l-104 24A24 24 0 0 0 0 48c0 256.5 207.9 464 464 464a24 24 0 0 0 23.4-18.6l24-104a24.29 24.29 0 0 0-14.01-27.6z\"><\/path><\/svg>\t\t\t\t<\/span>\n\t\t\t<\/div>\n\t\t\t\n\t\t\t\t\t\t<div class=\"elementor-icon-box-content\">\n\n\t\t\t\t\t\t\t\t\t<h3 class=\"elementor-icon-box-title\">\n\t\t\t\t\t\t<span  >\n\t\t\t\t\t\t\tContacto \t\t\t\t\t\t<\/span>\n\t\t\t\t\t<\/h3>\n\t\t\t\t\n\t\t\t\t\t\t\t\t\t<p class=\"elementor-icon-box-description\">\n\t\t\t\t\t\tComunicate con nosotros por diferentes v\u00edas.\t\t\t\t\t<\/p>\n\t\t\t\t\n\t\t\t<\/div>\n\t\t\t\n\t\t<\/div>\n\t\t\t\t\t\t<\/div>\n\t\t\t\t<\/div>\n\t\t\t\t<div class=\"elementor-element elementor-element-ac15c6c arrowbox elementor-view-default elementor-widget elementor-widget-icon\" data-id=\"ac15c6c\" data-element_type=\"widget\" data-widget_type=\"icon.default\">\n\t\t\t\t<div class=\"elementor-widget-container\">\n\t\t\t\t\t\t\t<div class=\"elementor-icon-wrapper\">\n\t\t\t<div class=\"elementor-icon\">\n\t\t\t<svg aria-hidden=\"true\" class=\"e-font-icon-svg e-fas-arrow-right\" viewBox=\"0 0 448 512\" xmlns=\"http:\/\/www.w3.org\/2000\/svg\"><path d=\"M190.5 66.9l22.2-22.2c9.4-9.4 24.6-9.4 33.9 0L441 239c9.4 9.4 9.4 24.6 0 33.9L246.6 467.3c-9.4 9.4-24.6 9.4-33.9 0l-22.2-22.2c-9.5-9.5-9.3-25 .4-34.3L311.4 296H24c-13.3 0-24-10.7-24-24v-32c0-13.3 10.7-24 24-24h287.4L190.9 101.2c-9.8-9.3-10-24.8-.4-34.3z\"><\/path><\/svg>\t\t\t<\/div>\n\t\t<\/div>\n\t\t\t\t\t\t<\/div>\n\t\t\t\t<\/div>\n\t\t\t\t<\/a>\n\t\t<a class=\"elementor-element elementor-element-8024ebe e-con-full boxfoot e-flex e-con e-child\" data-id=\"8024ebe\" data-element_type=\"container\" data-settings=\"{&quot;background_background&quot;:&quot;classic&quot;}\" href=\"https:\/\/alencosaic.com\/vans\/sucursal\/\">\n\t\t\t\t<div class=\"elementor-element elementor-element-211d0e1 elementor-position-left elementor-vertical-align-middle elementor-mobile-position-left elementor-vertical-align-middle elementor-widget-mobile__width-initial elementor-view-default elementor-widget elementor-widget-icon-box\" data-id=\"211d0e1\" data-element_type=\"widget\" data-widget_type=\"icon-box.default\">\n\t\t\t\t<div class=\"elementor-widget-container\">\n\t\t\t\t\t\t\t<div class=\"elementor-icon-box-wrapper\">\n\n\t\t\t\t\t\t<div class=\"elementor-icon-box-icon\">\n\t\t\t\t<span  class=\"elementor-icon\">\n\t\t\t\t<svg aria-hidden=\"true\" class=\"e-font-icon-svg e-fas-users\" viewBox=\"0 0 640 512\" xmlns=\"http:\/\/www.w3.org\/2000\/svg\"><path d=\"M96 224c35.3 0 64-28.7 64-64s-28.7-64-64-64-64 28.7-64 64 28.7 64 64 64zm448 0c35.3 0 64-28.7 64-64s-28.7-64-64-64-64 28.7-64 64 28.7 64 64 64zm32 32h-64c-17.6 0-33.5 7.1-45.1 18.6 40.3 22.1 68.9 62 75.1 109.4h66c17.7 0 32-14.3 32-32v-32c0-35.3-28.7-64-64-64zm-256 0c61.9 0 112-50.1 112-112S381.9 32 320 32 208 82.1 208 144s50.1 112 112 112zm76.8 32h-8.3c-20.8 10-43.9 16-68.5 16s-47.6-6-68.5-16h-8.3C179.6 288 128 339.6 128 403.2V432c0 26.5 21.5 48 48 48h288c26.5 0 48-21.5 48-48v-28.8c0-63.6-51.6-115.2-115.2-115.2zm-223.7-13.4C161.5 263.1 145.6 256 128 256H64c-35.3 0-64 28.7-64 64v32c0 17.7 14.3 32 32 32h65.9c6.3-47.4 34.9-87.3 75.2-109.4z\"><\/path><\/svg>\t\t\t\t<\/span>\n\t\t\t<\/div>\n\t\t\t\n\t\t\t\t\t\t<div class=\"elementor-icon-box-content\">\n\n\t\t\t\t\t\t\t\t\t<h3 class=\"elementor-icon-box-title\">\n\t\t\t\t\t\t<span  >\n\t\t\t\t\t\t\tSucursal\t\t\t\t\t\t<\/span>\n\t\t\t\t\t<\/h3>\n\t\t\t\t\n\t\t\t\t\t\t\t\t\t<p class=\"elementor-icon-box-description\">\n\t\t\t\t\t\tTe esperamos en nuestra sucursal.\t\t\t\t\t<\/p>\n\t\t\t\t\n\t\t\t<\/div>\n\t\t\t\n\t\t<\/div>\n\t\t\t\t\t\t<\/div>\n\t\t\t\t<\/div>\n\t\t\t\t<div class=\"elementor-element elementor-element-f12ac6a arrowbox elementor-view-default elementor-widget elementor-widget-icon\" data-id=\"f12ac6a\" data-element_type=\"widget\" data-widget_type=\"icon.default\">\n\t\t\t\t<div class=\"elementor-widget-container\">\n\t\t\t\t\t\t\t<div class=\"elementor-icon-wrapper\">\n\t\t\t<div class=\"elementor-icon\">\n\t\t\t<svg aria-hidden=\"true\" class=\"e-font-icon-svg e-fas-arrow-right\" viewBox=\"0 0 448 512\" xmlns=\"http:\/\/www.w3.org\/2000\/svg\"><path d=\"M190.5 66.9l22.2-22.2c9.4-9.4 24.6-9.4 33.9 0L441 239c9.4 9.4 9.4 24.6 0 33.9L246.6 467.3c-9.4 9.4-24.6 9.4-33.9 0l-22.2-22.2c-9.5-9.5-9.3-25 .4-34.3L311.4 296H24c-13.3 0-24-10.7-24-24v-32c0-13.3 10.7-24 24-24h287.4L190.9 101.2c-9.8-9.3-10-24.8-.4-34.3z\"><\/path><\/svg>\t\t\t<\/div>\n\t\t<\/div>\n\t\t\t\t\t\t<\/div>\n\t\t\t\t<\/div>\n\t\t\t\t<\/a>\n\t\t\t\t\t<\/div>\n\t\t\t\t<\/div>\n\t\t\t\t<\/div>\n\t\t","protected":false},"excerpt":{"rendered":"<p>Uso y tratamiento de Datos Personales (en adelante, los \u00a8DATOS\u00a8) Cuando usted visita nuestras p\u00e1ginas web, memorizamos determinada informaci\u00f3n acerca del navegador y el sistema operativo que utiliza en su dispositivo, la fecha y la hora de su visita, el resultado del intento de acceso (por ejemplo, si ha podido abrir una p\u00e1gina web, o [&hellip;]<\/p>\n","protected":false},"author":1,"featured_media":0,"parent":0,"menu_order":0,"comment_status":"closed","ping_status":"closed","template":"elementor_header_footer","meta":{"footnotes":""},"class_list":["post-566","page","type-page","status-publish","hentry"],"_links":{"self":[{"href":"https:\/\/alencosaic.com\/vans\/wp-json\/wp\/v2\/pages\/566","targetHints":{"allow":["GET"]}}],"collection":[{"href":"https:\/\/alencosaic.com\/vans\/wp-json\/wp\/v2\/pages"}],"about":[{"href":"https:\/\/alencosaic.com\/vans\/wp-json\/wp\/v2\/types\/page"}],"author":[{"embeddable":true,"href":"https:\/\/alencosaic.com\/vans\/wp-json\/wp\/v2\/users\/1"}],"replies":[{"embeddable":true,"href":"https:\/\/alencosaic.com\/vans\/wp-json\/wp\/v2\/comments?post=566"}],"version-history":[{"count":7,"href":"https:\/\/alencosaic.com\/vans\/wp-json\/wp\/v2\/pages\/566\/revisions"}],"predecessor-version":[{"id":795,"href":"https:\/\/alencosaic.com\/vans\/wp-json\/wp\/v2\/pages\/566\/revisions\/795"}],"wp:attachment":[{"href":"https:\/\/alencosaic.com\/vans\/wp-json\/wp\/v2\/media?parent=566"}],"curies":[{"name":"wp","href":"https:\/\/api.w.org\/{rel}","templated":true}]}}