{"id":99,"date":"2025-05-15T17:33:20","date_gmt":"2025-05-15T15:33:20","guid":{"rendered":"https:\/\/alencosaic.com\/vans\/?page_id=99"},"modified":"2025-05-15T18:43:30","modified_gmt":"2025-05-15T16:43:30","slug":"financiacion","status":"publish","type":"page","link":"https:\/\/alencosaic.com\/vans\/financiacion\/","title":{"rendered":"Financiaci\u00f3n"},"content":{"rendered":"\t\t<div data-elementor-type=\"wp-page\" data-elementor-id=\"99\" class=\"elementor elementor-99\" data-elementor-post-type=\"page\">\n\t\t\t\t<div class=\"elementor-element elementor-element-a500f53 e-flex e-con-boxed e-con e-parent\" data-id=\"a500f53\" data-element_type=\"container\" data-settings=\"{&quot;background_background&quot;:&quot;classic&quot;}\">\n\t\t\t\t\t<div class=\"e-con-inner\">\n\t\t<div class=\"elementor-element elementor-element-27a49a4 e-con-full e-flex e-con e-child\" data-id=\"27a49a4\" data-element_type=\"container\">\n\t\t\t\t<div class=\"elementor-element elementor-element-f6cd9ee elementor-widget elementor-widget-heading\" data-id=\"f6cd9ee\" data-element_type=\"widget\" data-widget_type=\"heading.default\">\n\t\t\t\t<div class=\"elementor-widget-container\">\n\t\t\t\t\t<h2 class=\"elementor-heading-title elementor-size-default\">Financiaci\u00f3n\n<\/h2>\t\t\t\t<\/div>\n\t\t\t\t<\/div>\n\t\t\t\t<div class=\"elementor-element elementor-element-ac0e50f elementor-widget elementor-widget-button\" data-id=\"ac0e50f\" data-element_type=\"widget\" data-widget_type=\"button.default\">\n\t\t\t\t<div class=\"elementor-widget-container\">\n\t\t\t\t\t\t\t\t\t<div class=\"elementor-button-wrapper\">\n\t\t\t\t\t<a class=\"elementor-button elementor-button-link elementor-size-sm\" href=\"#consulta\">\n\t\t\t\t\t\t<span class=\"elementor-button-content-wrapper\">\n\t\t\t\t\t\t\t\t\t<span class=\"elementor-button-text\">Realizar consulta<\/span>\n\t\t\t\t\t<\/span>\n\t\t\t\t\t<\/a>\n\t\t\t\t<\/div>\n\t\t\t\t\t\t\t\t<\/div>\n\t\t\t\t<\/div>\n\t\t\t\t<\/div>\n\t\t\t\t\t<\/div>\n\t\t\t\t<\/div>\n\t\t<div class=\"elementor-element elementor-element-1c83714 e-flex e-con-boxed e-con e-parent\" data-id=\"1c83714\" data-element_type=\"container\">\n\t\t\t\t\t<div class=\"e-con-inner\">\n\t\t<div class=\"elementor-element elementor-element-7ca1acb e-con-full e-flex e-con e-child\" data-id=\"7ca1acb\" data-element_type=\"container\">\n\t\t\t\t<div class=\"elementor-element elementor-element-cb060f3 elementor-widget elementor-widget-heading\" data-id=\"cb060f3\" data-element_type=\"widget\" data-widget_type=\"heading.default\">\n\t\t\t\t<div class=\"elementor-widget-container\">\n\t\t\t\t\t<h2 class=\"elementor-heading-title elementor-size-default\">Financiaci\u00f3n Alenco\n<\/h2>\t\t\t\t<\/div>\n\t\t\t\t<\/div>\n\t\t\t\t<div class=\"elementor-element elementor-element-6ed19c1 elementor-widget elementor-widget-text-editor\" data-id=\"6ed19c1\" data-element_type=\"widget\" data-widget_type=\"text-editor.default\">\n\t\t\t\t<div class=\"elementor-widget-container\">\n\t\t\t\t\t\t\t\t\t<p>Financia su proyecto con Capitales Propios. Gracias a una vasta experiencia en el mercado del Transporte de Pasajeros, en Alenco podemos ofrecerle diversas alternativas de financiaci\u00f3n desarrolladas especialmente para la necesidad de su negocio.<\/p><p><strong>Nuestros Planes para:<\/strong><\/p><ul class=\"list\"><li><strong>VEH\u00cdCULOS USADOS<\/strong><p>Financiacion de hasta 12 meses a una tasa fija en pesos.<\/p><\/li><li><strong>VEH\u00cdCULOS 0KM<\/strong><p>Financiacion de hasta 12 meses a tasa fija o variable en pesos.<\/p><\/li><\/ul>\t\t\t\t\t\t\t\t<\/div>\n\t\t\t\t<\/div>\n\t\t\t\t<div class=\"elementor-element elementor-element-1099dbf elementor-widget elementor-widget-heading\" data-id=\"1099dbf\" data-element_type=\"widget\" data-widget_type=\"heading.default\">\n\t\t\t\t<div class=\"elementor-widget-container\">\n\t\t\t\t\t<h2 class=\"elementor-heading-title elementor-size-default\">Entidades Bancarias\n<\/h2>\t\t\t\t<\/div>\n\t\t\t\t<\/div>\n\t\t\t\t<div class=\"elementor-element elementor-element-1bcae45 elementor-widget elementor-widget-text-editor\" data-id=\"1bcae45\" data-element_type=\"widget\" data-widget_type=\"text-editor.default\">\n\t\t\t\t<div class=\"elementor-widget-container\">\n\t\t\t\t\t\t\t\t\t<p>Acceda a su 0 km \u00f3 Usado a trav\u00e9s de financiaciones otorgadas por prestigiosas entidades bancarias.<\/p><p>En Alenco le brindamos un asesoramiento de primer nivel para que Ud. maximice los resultados de su negocio, accediendo a cr\u00e9ditos con las mejores condiciones del mercado.<\/p><p>Nos ocupamos de efectuar las gestiones necesarias para la tramitaci\u00f3n de dichos cr\u00e9ditos. Cont\u00e1ctese con nosotros para evaluar su calificaci\u00f3n crediticia y ofrecerle una adecuada propuesta de financiaci\u00f3n.<\/p>\t\t\t\t\t\t\t\t<\/div>\n\t\t\t\t<\/div>\n\t\t\t\t<div class=\"elementor-element elementor-element-3577571 elementor-widget elementor-widget-heading\" data-id=\"3577571\" data-element_type=\"widget\" data-widget_type=\"heading.default\">\n\t\t\t\t<div class=\"elementor-widget-container\">\n\t\t\t\t\t<h2 class=\"elementor-heading-title elementor-size-default\">Mercedes Benz Financiera<\/h2>\t\t\t\t<\/div>\n\t\t\t\t<\/div>\n\t\t\t\t<div class=\"elementor-element elementor-element-2165dea elementor-widget elementor-widget-text-editor\" data-id=\"2165dea\" data-element_type=\"widget\" data-widget_type=\"text-editor.default\">\n\t\t\t\t<div class=\"elementor-widget-container\">\n\t\t\t\t\t\t\t\t\t<p>En Mercedes-Benz Financiera desarrollamos productos financieros con una amplia gama de opciones que permiten acceder a veh\u00edculos Mercedes-Benz de la manera m\u00e1s simple, transparente y r\u00e1pida.<\/p><p><a href=\"https:\/\/www.mbfonline.com.ar\/Institucional\/8\/productos#seguros\" target=\"_blank\" rel=\"noopener\">https:\/\/www.mbfonline.com.ar\/<\/a><\/p>\t\t\t\t\t\t\t\t<\/div>\n\t\t\t\t<\/div>\n\t\t\t\t<div class=\"elementor-element elementor-element-e3f29f1 elementor-widget elementor-widget-heading\" data-id=\"e3f29f1\" data-element_type=\"widget\" data-widget_type=\"heading.default\">\n\t\t\t\t<div class=\"elementor-widget-container\">\n\t\t\t\t\t<h2 class=\"elementor-heading-title elementor-size-default\">Prendario<\/h2>\t\t\t\t<\/div>\n\t\t\t\t<\/div>\n\t\t\t\t<div class=\"elementor-element elementor-element-48d5b87 elementor-widget elementor-widget-text-editor\" data-id=\"48d5b87\" data-element_type=\"widget\" data-widget_type=\"text-editor.default\">\n\t\t\t\t<div class=\"elementor-widget-container\">\n\t\t\t\t\t\t\t\t\t<ul class=\"list\"><li><p>Tasa Fija en pesos.<\/p><\/li><li><p>Financiaci\u00f3n de veh\u00edculos 0Km.<\/p><\/li><li><p>Planes a la medida de las necesidades de nuestros clientes.<\/p><\/li><\/ul>\t\t\t\t\t\t\t\t<\/div>\n\t\t\t\t<\/div>\n\t\t\t\t<div class=\"elementor-element elementor-element-e5f531c elementor-widget elementor-widget-heading\" data-id=\"e5f531c\" data-element_type=\"widget\" data-widget_type=\"heading.default\">\n\t\t\t\t<div class=\"elementor-widget-container\">\n\t\t\t\t\t<h2 class=\"elementor-heading-title elementor-size-default\">Leasing<\/h2>\t\t\t\t<\/div>\n\t\t\t\t<\/div>\n\t\t\t\t<div class=\"elementor-element elementor-element-5f39965 elementor-widget elementor-widget-text-editor\" data-id=\"5f39965\" data-element_type=\"widget\" data-widget_type=\"text-editor.default\">\n\t\t\t\t<div class=\"elementor-widget-container\">\n\t\t\t\t\t\t\t\t\t<p>El Leasing es una alternativa para la adquisici\u00f3n o renovaci\u00f3n de tu veh\u00edculo Mercedes-Benz, mediante la cual se otorga el uso de la unidad por un plazo determinado, con la opci\u00f3n a comprar o renovar la unidad.<\/p><ul class=\"list\"><li><p>Financiaci\u00f3n 100% de la unidad.<\/p><\/li><li><p>No estar alcanzado por el impuesto a los activos.<\/p><\/li><li><p>Diferimiento del IVA.<\/p><\/li><li><p>Amortizaci\u00f3n acelerada del bien.<\/p><\/li><li><p>Servicios de Administraci\u00f3n.<\/p><\/li><\/ul>\t\t\t\t\t\t\t\t<\/div>\n\t\t\t\t<\/div>\n\t\t\t\t<div class=\"elementor-element elementor-element-4a173c8 elementor-widget elementor-widget-heading\" data-id=\"4a173c8\" data-element_type=\"widget\" data-widget_type=\"heading.default\">\n\t\t\t\t<div class=\"elementor-widget-container\">\n\t\t\t\t\t<h2 class=\"elementor-heading-title elementor-size-default\">Flotas<\/h2>\t\t\t\t<\/div>\n\t\t\t\t<\/div>\n\t\t\t\t<div class=\"elementor-element elementor-element-8ed0f85 elementor-widget elementor-widget-text-editor\" data-id=\"8ed0f85\" data-element_type=\"widget\" data-widget_type=\"text-editor.default\">\n\t\t\t\t<div class=\"elementor-widget-container\">\n\t\t\t\t\t\t\t\t\t<p>La posibilidad de acceder a su flota con cualquiera de nuestros productos financieros esta hoy al alcance de su mano. Las coberturas de seguros, mantenimientos preventivos y correctivos son elementos diferenciales a la hora de elegir un plan de financiaci\u00f3n. Adem\u00e1s, todo el asesoramiento t\u00e9cnico y financiero de parte del grupo l\u00edder del sector automotriz como as\u00ed tambi\u00e9n l\u00edder en el mundo en la administraci\u00f3n de flotas.<\/p>\t\t\t\t\t\t\t\t<\/div>\n\t\t\t\t<\/div>\n\t\t\t\t<div class=\"elementor-element elementor-element-219ec12 elementor-widget elementor-widget-heading\" data-id=\"219ec12\" data-element_type=\"widget\" data-widget_type=\"heading.default\">\n\t\t\t\t<div class=\"elementor-widget-container\">\n\t\t\t\t\t<h2 class=\"elementor-heading-title elementor-size-default\">Seguros\n<\/h2>\t\t\t\t<\/div>\n\t\t\t\t<\/div>\n\t\t\t\t<div class=\"elementor-element elementor-element-68a6ee0 elementor-widget elementor-widget-text-editor\" data-id=\"68a6ee0\" data-element_type=\"widget\" data-widget_type=\"text-editor.default\">\n\t\t\t\t<div class=\"elementor-widget-container\">\n\t\t\t\t\t\t\t\t\t<p>Tu mejor inversi\u00f3n exige la mejor protecci\u00f3n. Por eso, Mercedes-Benz Financiera, pone a tu alcance aseguradoras de primer nivel. Porque nuestro compromiso con la seguridad va m\u00e1s alla del veh\u00edculo. Podr\u00e1s elegir la cobertura a la medida de tus necesidades, con las Compa\u00f1ias de Seguro de primera l\u00ednea.<\/p>\t\t\t\t\t\t\t\t<\/div>\n\t\t\t\t<\/div>\n\t\t\t\t<div class=\"elementor-element elementor-element-b3c7ed8 elementor-widget elementor-widget-heading\" data-id=\"b3c7ed8\" data-element_type=\"widget\" data-widget_type=\"heading.default\">\n\t\t\t\t<div class=\"elementor-widget-container\">\n\t\t\t\t\t<h2 class=\"elementor-heading-title elementor-size-default\">Tarjetas de D\u00e9bito y Cr\u00e9dito\n<\/h2>\t\t\t\t<\/div>\n\t\t\t\t<\/div>\n\t\t\t\t<div class=\"elementor-element elementor-element-b99d0ba elementor-widget elementor-widget-text-editor\" data-id=\"b99d0ba\" data-element_type=\"widget\" data-widget_type=\"text-editor.default\">\n\t\t\t\t<div class=\"elementor-widget-container\">\n\t\t\t\t\t\t\t\t\t<p>En Alenco trabajamos con las tarjetas de d\u00e9bito y cr\u00e9dito m\u00e1s reconocidas en el mercado, ofreciendo planes de pago de hasta 12 cuotas. Consulte nuestras promociones.<\/p>\t\t\t\t\t\t\t\t<\/div>\n\t\t\t\t<\/div>\n\t\t\t\t<div class=\"elementor-element elementor-element-bf35353 elementor-widget elementor-widget-image\" data-id=\"bf35353\" data-element_type=\"widget\" data-widget_type=\"image.default\">\n\t\t\t\t<div class=\"elementor-widget-container\">\n\t\t\t\t\t\t\t\t\t\t\t\t\t\t\t<img fetchpriority=\"high\" decoding=\"async\" width=\"800\" height=\"122\" src=\"https:\/\/alencosaic.com\/vans\/wp-content\/uploads\/sites\/3\/2025\/05\/tarjetas-1.png\" class=\"attachment-large size-large wp-image-104\" alt=\"\" srcset=\"https:\/\/alencosaic.com\/vans\/wp-content\/uploads\/sites\/3\/2025\/05\/tarjetas-1.png 800w, https:\/\/alencosaic.com\/vans\/wp-content\/uploads\/sites\/3\/2025\/05\/tarjetas-1-300x46.png 300w, https:\/\/alencosaic.com\/vans\/wp-content\/uploads\/sites\/3\/2025\/05\/tarjetas-1-768x117.png 768w\" sizes=\"(max-width: 800px) 100vw, 800px\" \/>\t\t\t\t\t\t\t\t\t\t\t\t\t\t\t<\/div>\n\t\t\t\t<\/div>\n\t\t\t\t<div class=\"elementor-element elementor-element-c51edef elementor-widget elementor-widget-heading\" data-id=\"c51edef\" data-element_type=\"widget\" data-widget_type=\"heading.default\">\n\t\t\t\t<div class=\"elementor-widget-container\">\n\t\t\t\t\t<h2 class=\"elementor-heading-title elementor-size-default\">Tarjeta PymeNaci\u00f3n\n<\/h2>\t\t\t\t<\/div>\n\t\t\t\t<\/div>\n\t\t\t\t<div class=\"elementor-element elementor-element-246e59c elementor-widget elementor-widget-text-editor\" data-id=\"246e59c\" data-element_type=\"widget\" data-widget_type=\"text-editor.default\">\n\t\t\t\t<div class=\"elementor-widget-container\">\n\t\t\t\t\t\t\t\t\t<p>Es una Tarjeta de Cr\u00e9dito Empresa, marca propia del Banco de la Naci\u00f3n Argentina, exclusivamente orientada a usuarios que sean micro, peque\u00f1as o medianas empresas argentinas.<\/p><p>Financie sus compras en cuotas a tasas convenientes y consulte acerca de los beneficios ingresando a:\u00a0<a href=\"https:\/\/www.pymenacion.com.ar\/\" target=\"_blank\" rel=\"noopener\">https:\/\/www.pymenacion.com.ar\/<\/a><\/p><p>Para obtener la tarjeta PymeNaci\u00f3n comun\u00edquese con el BNA al 0810-666-4444 de Lunes a Viernes de 8:00 a 20:00 hs.<\/p>\t\t\t\t\t\t\t\t<\/div>\n\t\t\t\t<\/div>\n\t\t\t\t<\/div>\n\t\t<div class=\"elementor-element elementor-element-3bd9a09 e-con-full e-flex e-con e-child\" data-id=\"3bd9a09\" data-element_type=\"container\">\n\t\t<div class=\"elementor-element elementor-element-ae7e9bb e-con-full e-flex e-con e-child\" data-id=\"ae7e9bb\" data-element_type=\"container\" data-settings=\"{&quot;background_background&quot;:&quot;classic&quot;}\">\n\t\t\t\t<div class=\"elementor-element elementor-element-e39fea2 elementor-widget elementor-widget-heading\" data-id=\"e39fea2\" data-element_type=\"widget\" data-widget_type=\"heading.default\">\n\t\t\t\t<div class=\"elementor-widget-container\">\n\t\t\t\t\t<h2 class=\"elementor-heading-title elementor-size-default\">Cont\u00e1ctenos\n<\/h2>\t\t\t\t<\/div>\n\t\t\t\t<\/div>\n\t\t\t\t<\/div>\n\t\t<div class=\"elementor-element elementor-element-99d79f1 e-con-full e-flex e-con e-child\" data-id=\"99d79f1\" data-element_type=\"container\" data-settings=\"{&quot;background_background&quot;:&quot;classic&quot;}\">\n\t\t\t\t<div class=\"elementor-element elementor-element-da253d2 elementor-widget elementor-widget-text-editor\" data-id=\"da253d2\" data-element_type=\"widget\" data-widget_type=\"text-editor.default\">\n\t\t\t\t<div class=\"elementor-widget-container\">\n\t\t\t\t\t\t\t\t\t<p>Av. Amancio Alcorta 2939<br \/><img decoding=\"async\" class=\"es alignnone wp-image-111\" style=\"margin-boton: 10px;\" src=\"https:\/\/alencosaic.com\/vans\/wp-content\/uploads\/sites\/3\/2025\/05\/es.png\" alt=\"\" width=\"20\" height=\"20\" data-wp-editing=\"1\" srcset=\"https:\/\/alencosaic.com\/vans\/wp-content\/uploads\/sites\/3\/2025\/05\/es.png 250w, https:\/\/alencosaic.com\/vans\/wp-content\/uploads\/sites\/3\/2025\/05\/es-150x150.png 150w\" sizes=\"(max-width: 20px) 100vw, 20px\" \/> Herminio Masantonio 2940<br \/><a href=\"tel:+5401160653900\">(011) 6065-3900<\/a><br \/><a href=\"mailto:info@alencosaic.com\">info@alencosaic.com<\/a><\/p>\t\t\t\t\t\t\t\t<\/div>\n\t\t\t\t<\/div>\n\t\t\t\t<\/div>\n\t\t\t\t<\/div>\n\t\t\t\t\t<\/div>\n\t\t\t\t<\/div>\n\t\t<div class=\"elementor-element elementor-element-0d39797 e-flex e-con-boxed e-con e-parent\" data-id=\"0d39797\" data-element_type=\"container\" id=\"consulta\">\n\t\t\t\t\t<div class=\"e-con-inner\">\n\t\t\t\t<div class=\"elementor-element elementor-element-2fd61de elementor-widget elementor-widget-heading\" data-id=\"2fd61de\" data-element_type=\"widget\" data-widget_type=\"heading.default\">\n\t\t\t\t<div class=\"elementor-widget-container\">\n\t\t\t\t\t<h2 class=\"elementor-heading-title elementor-size-default\">Realizar consulta\n<\/h2>\t\t\t\t<\/div>\n\t\t\t\t<\/div>\n\t\t\t\t<div class=\"elementor-element elementor-element-456b86c elementor-widget elementor-widget-text-editor\" data-id=\"456b86c\" data-element_type=\"widget\" data-widget_type=\"text-editor.default\">\n\t\t\t\t<div class=\"elementor-widget-container\">\n\t\t\t\t\t\t\t\t\t<p>Queremos asesorarte sobre tu Mercedes-Benz. Por favor complet\u00e1 el siguiente formulario y nos pondremos en contacto.<\/p>\t\t\t\t\t\t\t\t<\/div>\n\t\t\t\t<\/div>\n\t\t\t\t<div class=\"elementor-element elementor-element-43a4d89 elementor-widget elementor-widget-shortcode\" data-id=\"43a4d89\" data-element_type=\"widget\" data-widget_type=\"shortcode.default\">\n\t\t\t\t<div class=\"elementor-widget-container\">\n\t\t\t\t\t\t\t<div class=\"elementor-shortcode\">\n<div class=\"wpcf7 no-js\" id=\"wpcf7-f125-o1\" lang=\"es-ES\" dir=\"ltr\" data-wpcf7-id=\"125\">\n<div class=\"screen-reader-response\"><p role=\"status\" aria-live=\"polite\" aria-atomic=\"true\"><\/p> <ul><\/ul><\/div>\n<form action=\"\/vans\/wp-json\/wp\/v2\/pages\/99#wpcf7-f125-o1\" method=\"post\" class=\"wpcf7-form init\" aria-label=\"Formulario de contacto\" novalidate=\"novalidate\" data-status=\"init\">\n<fieldset class=\"hidden-fields-container\"><input type=\"hidden\" name=\"_wpcf7\" value=\"125\" \/><input type=\"hidden\" name=\"_wpcf7_version\" value=\"6.1\" \/><input type=\"hidden\" name=\"_wpcf7_locale\" value=\"es_ES\" \/><input type=\"hidden\" name=\"_wpcf7_unit_tag\" value=\"wpcf7-f125-o1\" \/><input type=\"hidden\" name=\"_wpcf7_container_post\" value=\"0\" \/><input type=\"hidden\" name=\"_wpcf7_posted_data_hash\" value=\"\" \/>\n<\/fieldset>\n<div id=\"responsive-form\" class=\"clearfix\">\n\t<div class=\"form-row\">\n\t\t<div class=\"column-half\">\n\t\t\t<p><span class=\"wpcf7-form-control-wrap\" data-name=\"first-name\"><input size=\"40\" maxlength=\"400\" class=\"wpcf7-form-control wpcf7-text wpcf7-validates-as-required\" aria-required=\"true\" aria-invalid=\"false\" placeholder=\"Nombre*\" value=\"\" type=\"text\" name=\"first-name\" \/><\/span>\n\t\t\t<\/p>\n\t\t<\/div>\n\t\t<div class=\"column-half\">\n\t\t\t<p><span class=\"wpcf7-form-control-wrap\" data-name=\"last-name\"><input size=\"40\" maxlength=\"400\" class=\"wpcf7-form-control wpcf7-text wpcf7-validates-as-required\" aria-required=\"true\" aria-invalid=\"false\" placeholder=\"Apellido\" value=\"\" type=\"text\" name=\"last-name\" \/><\/span>\n\t\t\t<\/p>\n\t\t<\/div>\n\t<\/div>\n\t<div class=\"form-row\">\n\t\t<div class=\"column-half\">\n\t\t\t<p><span class=\"wpcf7-form-control-wrap\" data-name=\"your-phone\"><input size=\"40\" maxlength=\"400\" class=\"wpcf7-form-control wpcf7-text wpcf7-validates-as-required\" aria-required=\"true\" aria-invalid=\"false\" placeholder=\"Tel\u00e9fono\" value=\"\" type=\"text\" name=\"your-phone\" \/><\/span>\n\t\t\t<\/p>\n\t\t<\/div>\n\t\t<div class=\"column-half\">\n\t\t\t<p><span class=\"wpcf7-form-control-wrap\" data-name=\"your-email\"><input size=\"40\" maxlength=\"400\" class=\"wpcf7-form-control wpcf7-email wpcf7-validates-as-required wpcf7-text wpcf7-validates-as-email\" aria-required=\"true\" aria-invalid=\"false\" placeholder=\"Email*\" value=\"\" type=\"email\" name=\"your-email\" \/><\/span>\n\t\t\t<\/p>\n\t\t<\/div>\n\t<\/div>\n\t<div class=\"form-row\">\n\t\t<div class=\"column-full\">\n\t\t\t<p><span class=\"wpcf7-form-control-wrap\" data-name=\"vehiculo\"><select class=\"wpcf7-form-control wpcf7-select wpcf7-validates-as-required\" aria-required=\"true\" aria-invalid=\"false\" name=\"vehiculo\"><option value=\"\">Consulta de producto \u00f3 modelo de inter\u00e9s:<\/option><option value=\"VANS\">VANS<\/option><option value=\"BUSES\">BUSES<\/option><\/select><\/span>\n\t\t\t<\/p>\n\t\t<\/div>\n\t<\/div>\n\t<div class=\"form-row\">\n\t\t<div class=\"column-full\">\n\t\t\t<p><span class=\"wpcf7-form-control-wrap\" data-name=\"your-message\"><textarea cols=\"40\" rows=\"10\" maxlength=\"2000\" class=\"wpcf7-form-control wpcf7-textarea\" aria-invalid=\"false\" placeholder=\"Mensaje\" name=\"your-message\"><\/textarea><\/span>\n\t\t\t<\/p>\n\t\t<\/div>\n\t<\/div>\n\t<div class=\"form-row\">\n\t\t<div class=\"column-full\">\n\t\t\t<p><span class=\"wpcf7-form-control-wrap\" data-name=\"acceptance-176\"><span class=\"wpcf7-form-control wpcf7-acceptance\"><span class=\"wpcf7-list-item\"><label><input type=\"checkbox\" name=\"acceptance-176\" value=\"1\" aria-invalid=\"false\" \/><span class=\"wpcf7-list-item-label\">Acepto el uso y almacenamiento de mis datos<\/span><\/label><\/span><\/span><\/span>\n\t\t\t<\/p>\n\t\t\t<p><br \/>\nDeclaro haber sido informado en los t\u00e9rminos del art. 6 de la Ley 25.326 acerca del car\u00e1cter facultativo de la presente y de la posibilidad de ejercer el derecho de acceso, rectificaci\u00f3n y supresi\u00f3n de los datos antes referidos, as\u00ed como tambi\u00e9n de la finalidad de su tratamiento.<br \/>\nAutorizo y consiento expresamente a ALENCO S.A.I.C. para el procesamiento de datos, y todo ello en los t\u00e9rminos requeridos por el art. 5 de la Ley 25.326 a usar mis datos personales contenidos en la presente a fin de que formulen ofertas publicitarias y remitan informaci\u00f3n comercial de sus bienes y\/o servicios, incluido, pero no limitado a futuras acciones de marketing \/ invitaci\u00f3n a eventos \/ comunicaciones referentes a ofertas de productos y\/o servicios, etc.\n\t\t\t<\/p>\n\t\t<\/div>\n\t<\/div>\n\t<div class=\"form-row\">\n\t\t<div class=\"column-full\">\n\t\t\t<p><input class=\"wpcf7-form-control wpcf7-submit has-spinner\" type=\"submit\" value=\"Enviar\" \/>\n\t\t\t<\/p>\n\t\t<\/div>\n\t<\/div>\n<\/div><div class=\"wpcf7-response-output\" aria-hidden=\"true\"><\/div>\n<\/form>\n<\/div>\n<\/div>\n\t\t\t\t\t\t<\/div>\n\t\t\t\t<\/div>\n\t\t\t\t\t<\/div>\n\t\t\t\t<\/div>\n\t\t\t\t<\/div>\n\t\t","protected":false},"excerpt":{"rendered":"<p>Financiaci\u00f3n Realizar consulta Financiaci\u00f3n Alenco Financia su proyecto con Capitales Propios. Gracias a una vasta experiencia en el mercado del Transporte de Pasajeros, en Alenco podemos ofrecerle diversas alternativas de financiaci\u00f3n desarrolladas especialmente para la necesidad de su negocio. Nuestros Planes para: VEH\u00cdCULOS USADOS Financiacion de hasta 12 meses a una tasa fija en pesos. [&hellip;]<\/p>\n","protected":false},"author":1,"featured_media":0,"parent":0,"menu_order":0,"comment_status":"closed","ping_status":"closed","template":"elementor_header_footer","meta":{"footnotes":""},"class_list":["post-99","page","type-page","status-publish","hentry"],"_links":{"self":[{"href":"https:\/\/alencosaic.com\/vans\/wp-json\/wp\/v2\/pages\/99","targetHints":{"allow":["GET"]}}],"collection":[{"href":"https:\/\/alencosaic.com\/vans\/wp-json\/wp\/v2\/pages"}],"about":[{"href":"https:\/\/alencosaic.com\/vans\/wp-json\/wp\/v2\/types\/page"}],"author":[{"embeddable":true,"href":"https:\/\/alencosaic.com\/vans\/wp-json\/wp\/v2\/users\/1"}],"replies":[{"embeddable":true,"href":"https:\/\/alencosaic.com\/vans\/wp-json\/wp\/v2\/comments?post=99"}],"version-history":[{"count":37,"href":"https:\/\/alencosaic.com\/vans\/wp-json\/wp\/v2\/pages\/99\/revisions"}],"predecessor-version":[{"id":157,"href":"https:\/\/alencosaic.com\/vans\/wp-json\/wp\/v2\/pages\/99\/revisions\/157"}],"wp:attachment":[{"href":"https:\/\/alencosaic.com\/vans\/wp-json\/wp\/v2\/media?parent=99"}],"curies":[{"name":"wp","href":"https:\/\/api.w.org\/{rel}","templated":true}]}}